{"id":101596,"date":"2024-02-01T13:52:13","date_gmt":"2024-02-01T10:52:13","guid":{"rendered":"https:\/\/muija.fi\/product\/kalevalakoru-hirvenpaa-pendant-silver\/"},"modified":"2024-02-01T13:52:13","modified_gmt":"2024-02-01T10:52:13","slug":"kalevalakoru-hirvenpaa-pendant-silver","status":"publish","type":"product","link":"https:\/\/muija.fi\/en\/product\/kalevalakoru-hirvenpaa-pendant-silver\/","title":{"rendered":"Kalevalakoru Hirvenp\u00e4\u00e4 pendant silver"},"content":{"rendered":"<p>Kalevalakoru Hirvenp\u00e4\u00e4 pendant silver. Small size 10mm, chain 48\/52cm. Good condition.<\/p>\n","protected":false},"excerpt":{"rendered":"<p>Kalevalakoru Hirvenp\u00e4\u00e4 pendant silver<\/p>\n","protected":false},"featured_media":101575,"comment_status":"closed","ping_status":"closed","template":"","meta":{"_et_pb_use_builder":"","_et_pb_old_content":"","_et_gb_content_width":""},"product_brand":[],"product_cat":[314],"product_tag":[],"class_list":{"0":"post-101596","1":"product","2":"type-product","3":"status-publish","4":"has-post-thumbnail","6":"product_cat-jewelry","7":"product_shipping_class-pieni-en","9":"first","10":"instock","11":"taxable","12":"shipping-taxable","13":"purchasable","14":"product-type-simple"},"_links":{"self":[{"href":"https:\/\/muija.fi\/en\/wp-json\/wp\/v2\/product\/101596","targetHints":{"allow":["GET"]}}],"collection":[{"href":"https:\/\/muija.fi\/en\/wp-json\/wp\/v2\/product"}],"about":[{"href":"https:\/\/muija.fi\/en\/wp-json\/wp\/v2\/types\/product"}],"replies":[{"embeddable":true,"href":"https:\/\/muija.fi\/en\/wp-json\/wp\/v2\/comments?post=101596"}],"wp:featuredmedia":[{"embeddable":true,"href":"https:\/\/muija.fi\/en\/wp-json\/wp\/v2\/media\/101575"}],"wp:attachment":[{"href":"https:\/\/muija.fi\/en\/wp-json\/wp\/v2\/media?parent=101596"}],"wp:term":[{"taxonomy":"product_brand","embeddable":true,"href":"https:\/\/muija.fi\/en\/wp-json\/wp\/v2\/product_brand?post=101596"},{"taxonomy":"product_cat","embeddable":true,"href":"https:\/\/muija.fi\/en\/wp-json\/wp\/v2\/product_cat?post=101596"},{"taxonomy":"product_tag","embeddable":true,"href":"https:\/\/muija.fi\/en\/wp-json\/wp\/v2\/product_tag?post=101596"}],"curies":[{"name":"wp","href":"https:\/\/api.w.org\/{rel}","templated":true}]}}