{"id":109782,"date":"2024-05-28T10:20:15","date_gmt":"2024-05-28T07:20:15","guid":{"rendered":"https:\/\/muija.fi\/product\/oiva-toikka-phesant-nuutajarvi\/"},"modified":"2024-05-28T10:20:15","modified_gmt":"2024-05-28T07:20:15","slug":"oiva-toikka-phesant-nuutajarvi","status":"publish","type":"product","link":"https:\/\/muija.fi\/en\/product\/oiva-toikka-phesant-nuutajarvi\/","title":{"rendered":"Oiva Toikka Phesant Nuutaj\u00e4rvi"},"content":{"rendered":"<p>Oiva Toikka Phesant Nuutaj\u00e4rvi. Good condition, signed and has an ownership inscription. Size 21&#215;14,5cm.<\/p>\n<pre id=\"tw-target-text\" class=\"tw-data-text tw-text-large tw-ta\" data-placeholder=\"K\u00e4\u00e4nn\u00f6s\" aria-label=\"K\u00e4\u00e4nnetty teksti\" data-ved=\"2ahUKEwiGlYul6K-GAxUNMRAIHZYpDcEQ3ewLegQIEBAU\">\u00a0<\/pre>\n","protected":false},"excerpt":{"rendered":"<p>Oiva Toikka Phesant Nuutaj\u00e4rvi<\/p>\n","protected":false},"featured_media":109774,"comment_status":"closed","ping_status":"closed","template":"","meta":{"_et_pb_use_builder":"","_et_pb_old_content":"","_et_gb_content_width":""},"product_brand":[],"product_cat":[],"product_tag":[],"class_list":{"0":"post-109782","1":"product","2":"type-product","3":"status-publish","4":"has-post-thumbnail","7":"first","8":"outofstock","9":"taxable","10":"shipping-taxable","11":"purchasable","12":"product-type-simple"},"_links":{"self":[{"href":"https:\/\/muija.fi\/en\/wp-json\/wp\/v2\/product\/109782","targetHints":{"allow":["GET"]}}],"collection":[{"href":"https:\/\/muija.fi\/en\/wp-json\/wp\/v2\/product"}],"about":[{"href":"https:\/\/muija.fi\/en\/wp-json\/wp\/v2\/types\/product"}],"replies":[{"embeddable":true,"href":"https:\/\/muija.fi\/en\/wp-json\/wp\/v2\/comments?post=109782"}],"wp:featuredmedia":[{"embeddable":true,"href":"https:\/\/muija.fi\/en\/wp-json\/wp\/v2\/media\/109774"}],"wp:attachment":[{"href":"https:\/\/muija.fi\/en\/wp-json\/wp\/v2\/media?parent=109782"}],"wp:term":[{"taxonomy":"product_brand","embeddable":true,"href":"https:\/\/muija.fi\/en\/wp-json\/wp\/v2\/product_brand?post=109782"},{"taxonomy":"product_cat","embeddable":true,"href":"https:\/\/muija.fi\/en\/wp-json\/wp\/v2\/product_cat?post=109782"},{"taxonomy":"product_tag","embeddable":true,"href":"https:\/\/muija.fi\/en\/wp-json\/wp\/v2\/product_tag?post=109782"}],"curies":[{"name":"wp","href":"https:\/\/api.w.org\/{rel}","templated":true}]}}