{"id":111454,"date":"2024-07-15T10:09:27","date_gmt":"2024-07-15T07:09:27","guid":{"rendered":"https:\/\/muija.fi\/product\/arabia-helja-liukko-sundstrom-wall-plate-summer-255x21cm\/"},"modified":"2026-02-04T11:45:19","modified_gmt":"2026-02-04T08:45:19","slug":"arabia-helja-liukko-sundstrom-wall-plate-summer-255x21cm","status":"publish","type":"product","link":"https:\/\/muija.fi\/en\/product\/arabia-helja-liukko-sundstrom-wall-plate-summer-255x21cm\/","title":{"rendered":"Arabia Helj\u00e4 Liukko-Sundstr\u00f6m Wall plate Summer 25,5x21cm"},"content":{"rendered":"<p>Arabia Helj\u00e4 Liukko-Sundstr\u00f6m Wall plate Summer 25,5x21cm. Good condition. From 1990.<\/p>\n","protected":false},"excerpt":{"rendered":"<p>Arabia Helj\u00e4 Liukko-Sundstr\u00f6m Wall plate Summer 25,5x21cm<\/p>\n","protected":false},"featured_media":111446,"comment_status":"closed","ping_status":"closed","template":"","meta":{"_et_pb_use_builder":"","_et_pb_old_content":"","_et_gb_content_width":""},"product_brand":[],"product_cat":[392],"product_tag":[],"class_list":{"0":"post-111454","1":"product","2":"type-product","3":"status-publish","4":"has-post-thumbnail","6":"product_cat-other","7":"product_shipping_class-keskikokoinen-en","8":"pa_brand-arabia-en-2","10":"first","11":"outofstock","12":"taxable","13":"shipping-taxable","14":"purchasable","15":"product-type-simple"},"_links":{"self":[{"href":"https:\/\/muija.fi\/en\/wp-json\/wp\/v2\/product\/111454","targetHints":{"allow":["GET"]}}],"collection":[{"href":"https:\/\/muija.fi\/en\/wp-json\/wp\/v2\/product"}],"about":[{"href":"https:\/\/muija.fi\/en\/wp-json\/wp\/v2\/types\/product"}],"replies":[{"embeddable":true,"href":"https:\/\/muija.fi\/en\/wp-json\/wp\/v2\/comments?post=111454"}],"wp:featuredmedia":[{"embeddable":true,"href":"https:\/\/muija.fi\/en\/wp-json\/wp\/v2\/media\/111446"}],"wp:attachment":[{"href":"https:\/\/muija.fi\/en\/wp-json\/wp\/v2\/media?parent=111454"}],"wp:term":[{"taxonomy":"product_brand","embeddable":true,"href":"https:\/\/muija.fi\/en\/wp-json\/wp\/v2\/product_brand?post=111454"},{"taxonomy":"product_cat","embeddable":true,"href":"https:\/\/muija.fi\/en\/wp-json\/wp\/v2\/product_cat?post=111454"},{"taxonomy":"product_tag","embeddable":true,"href":"https:\/\/muija.fi\/en\/wp-json\/wp\/v2\/product_tag?post=111454"}],"curies":[{"name":"wp","href":"https:\/\/api.w.org\/{rel}","templated":true}]}}