{"id":111792,"date":"2024-08-02T13:59:00","date_gmt":"2024-08-02T10:59:00","guid":{"rendered":"https:\/\/muija.fi\/product\/kalevalakoru-naisen-aani-brooch-silver-with-smoke-quartz\/"},"modified":"2024-08-02T13:59:00","modified_gmt":"2024-08-02T10:59:00","slug":"kalevalakoru-naisen-aani-brooch-silver-with-smoke-quartz","status":"publish","type":"product","link":"https:\/\/muija.fi\/en\/product\/kalevalakoru-naisen-aani-brooch-silver-with-smoke-quartz\/","title":{"rendered":"Kalevalakoru Naisen \u00e4\u00e4ni brooch Silver with Smoke quartz"},"content":{"rendered":"<p>Kalevalakoru Naisen \u00e4\u00e4ni brooch Silver with Smoke quartz. Length 100mm, width 40mm. Good condition.<\/p>\n","protected":false},"excerpt":{"rendered":"<p>Kalevalakoru Naisen \u00e4\u00e4ni brooch Silver with Smoke quartz<\/p>\n","protected":false},"featured_media":111784,"comment_status":"closed","ping_status":"closed","template":"","meta":{"_et_pb_use_builder":"","_et_pb_old_content":"","_et_gb_content_width":""},"product_brand":[],"product_cat":[314],"product_tag":[],"class_list":{"0":"post-111792","1":"product","2":"type-product","3":"status-publish","4":"has-post-thumbnail","6":"product_cat-jewelry","7":"product_shipping_class-pieni-en","9":"first","10":"instock","11":"taxable","12":"shipping-taxable","13":"purchasable","14":"product-type-simple"},"_links":{"self":[{"href":"https:\/\/muija.fi\/en\/wp-json\/wp\/v2\/product\/111792","targetHints":{"allow":["GET"]}}],"collection":[{"href":"https:\/\/muija.fi\/en\/wp-json\/wp\/v2\/product"}],"about":[{"href":"https:\/\/muija.fi\/en\/wp-json\/wp\/v2\/types\/product"}],"replies":[{"embeddable":true,"href":"https:\/\/muija.fi\/en\/wp-json\/wp\/v2\/comments?post=111792"}],"wp:featuredmedia":[{"embeddable":true,"href":"https:\/\/muija.fi\/en\/wp-json\/wp\/v2\/media\/111784"}],"wp:attachment":[{"href":"https:\/\/muija.fi\/en\/wp-json\/wp\/v2\/media?parent=111792"}],"wp:term":[{"taxonomy":"product_brand","embeddable":true,"href":"https:\/\/muija.fi\/en\/wp-json\/wp\/v2\/product_brand?post=111792"},{"taxonomy":"product_cat","embeddable":true,"href":"https:\/\/muija.fi\/en\/wp-json\/wp\/v2\/product_cat?post=111792"},{"taxonomy":"product_tag","embeddable":true,"href":"https:\/\/muija.fi\/en\/wp-json\/wp\/v2\/product_tag?post=111792"}],"curies":[{"name":"wp","href":"https:\/\/api.w.org\/{rel}","templated":true}]}}