{"id":111875,"date":"2024-08-07T15:23:09","date_gmt":"2024-08-07T12:23:13","guid":{"rendered":"https:\/\/muija.fi\/?post_type=product&#038;p=111875"},"modified":"2024-08-07T15:27:03","modified_gmt":"2024-08-07T12:27:03","slug":"helja-wall-plate-seascape-12cm-kopio-2","status":"publish","type":"product","link":"https:\/\/muija.fi\/en\/product\/helja-wall-plate-seascape-12cm-kopio-2\/","title":{"rendered":"Helj\u00e4 Wall plate Autumn 12cm"},"content":{"rendered":"<p>Helj\u00e4 Liukko-Sundstr\u00f6m Wall plate Autumn 12cm. Good condition.\u00a0 From 1992.<\/p>\n","protected":false},"excerpt":{"rendered":"<p>Helj\u00e4 Wall plate Autumn 12cm<\/p>\n","protected":false},"featured_media":111878,"comment_status":"closed","ping_status":"closed","template":"","meta":{"_et_pb_use_builder":"","_et_pb_old_content":"","_et_gb_content_width":""},"product_brand":[],"product_cat":[383,392],"product_tag":[],"class_list":{"0":"post-111875","1":"product","2":"type-product","3":"status-publish","4":"has-post-thumbnail","6":"product_cat-plates","7":"product_cat-other","8":"product_shipping_class-pieni-en","9":"pa_brand-arabia-en-2","11":"first","12":"instock","13":"taxable","14":"shipping-taxable","15":"purchasable","16":"product-type-simple"},"_links":{"self":[{"href":"https:\/\/muija.fi\/en\/wp-json\/wp\/v2\/product\/111875","targetHints":{"allow":["GET"]}}],"collection":[{"href":"https:\/\/muija.fi\/en\/wp-json\/wp\/v2\/product"}],"about":[{"href":"https:\/\/muija.fi\/en\/wp-json\/wp\/v2\/types\/product"}],"replies":[{"embeddable":true,"href":"https:\/\/muija.fi\/en\/wp-json\/wp\/v2\/comments?post=111875"}],"wp:featuredmedia":[{"embeddable":true,"href":"https:\/\/muija.fi\/en\/wp-json\/wp\/v2\/media\/111878"}],"wp:attachment":[{"href":"https:\/\/muija.fi\/en\/wp-json\/wp\/v2\/media?parent=111875"}],"wp:term":[{"taxonomy":"product_brand","embeddable":true,"href":"https:\/\/muija.fi\/en\/wp-json\/wp\/v2\/product_brand?post=111875"},{"taxonomy":"product_cat","embeddable":true,"href":"https:\/\/muija.fi\/en\/wp-json\/wp\/v2\/product_cat?post=111875"},{"taxonomy":"product_tag","embeddable":true,"href":"https:\/\/muija.fi\/en\/wp-json\/wp\/v2\/product_tag?post=111875"}],"curies":[{"name":"wp","href":"https:\/\/api.w.org\/{rel}","templated":true}]}}