{"id":111886,"date":"2024-08-07T15:27:23","date_gmt":"2024-08-07T12:27:23","guid":{"rendered":"https:\/\/muija.fi\/?post_type=product&#038;p=111886"},"modified":"2026-04-01T12:38:34","modified_gmt":"2026-04-01T09:38:34","slug":"helja-wall-plate-autumn-12cm-kopio","status":"publish","type":"product","link":"https:\/\/muija.fi\/en\/product\/helja-wall-plate-autumn-12cm-kopio\/","title":{"rendered":"Helj\u00e4 Wall plate Summr 12cm"},"content":{"rendered":"<p>Helj\u00e4 Liukko-Sundstr\u00f6m Wall plate Summer 12cm. Good condition.\u00a0 From 1985.<\/p>\n","protected":false},"excerpt":{"rendered":"<p>Helj\u00e4 Wall plate Summer 12cm<\/p>\n","protected":false},"featured_media":111882,"comment_status":"closed","ping_status":"closed","template":"","meta":{"_et_pb_use_builder":"","_et_pb_old_content":"","_et_gb_content_width":""},"product_brand":[],"product_cat":[383,392],"product_tag":[],"class_list":{"0":"post-111886","1":"product","2":"type-product","3":"status-publish","4":"has-post-thumbnail","6":"product_cat-plates","7":"product_cat-other","8":"product_shipping_class-pieni-en","9":"pa_brand-arabia-en-2","11":"first","12":"outofstock","13":"taxable","14":"shipping-taxable","15":"purchasable","16":"product-type-simple"},"_links":{"self":[{"href":"https:\/\/muija.fi\/en\/wp-json\/wp\/v2\/product\/111886","targetHints":{"allow":["GET"]}}],"collection":[{"href":"https:\/\/muija.fi\/en\/wp-json\/wp\/v2\/product"}],"about":[{"href":"https:\/\/muija.fi\/en\/wp-json\/wp\/v2\/types\/product"}],"replies":[{"embeddable":true,"href":"https:\/\/muija.fi\/en\/wp-json\/wp\/v2\/comments?post=111886"}],"wp:featuredmedia":[{"embeddable":true,"href":"https:\/\/muija.fi\/en\/wp-json\/wp\/v2\/media\/111882"}],"wp:attachment":[{"href":"https:\/\/muija.fi\/en\/wp-json\/wp\/v2\/media?parent=111886"}],"wp:term":[{"taxonomy":"product_brand","embeddable":true,"href":"https:\/\/muija.fi\/en\/wp-json\/wp\/v2\/product_brand?post=111886"},{"taxonomy":"product_cat","embeddable":true,"href":"https:\/\/muija.fi\/en\/wp-json\/wp\/v2\/product_cat?post=111886"},{"taxonomy":"product_tag","embeddable":true,"href":"https:\/\/muija.fi\/en\/wp-json\/wp\/v2\/product_tag?post=111886"}],"curies":[{"name":"wp","href":"https:\/\/api.w.org\/{rel}","templated":true}]}}