{"id":114547,"date":"2024-09-12T11:43:55","date_gmt":"2024-09-12T08:43:55","guid":{"rendered":"https:\/\/muija.fi\/product\/marimekko-fabric-paivantasaaja-145x250cm-erja-hirvi\/"},"modified":"2025-02-21T15:53:14","modified_gmt":"2025-02-21T12:53:14","slug":"marimekko-fabric-paivantasaaja-145x250cm-erja-hirvi","status":"publish","type":"product","link":"https:\/\/muija.fi\/en\/product\/marimekko-fabric-paivantasaaja-145x250cm-erja-hirvi\/","title":{"rendered":"Marimekko Fabric P\u00e4iv\u00e4ntasaaja 148x200cm Erja Hirvi"},"content":{"rendered":"<p>Marimekko Fabric P\u00e4iv\u00e4ntasaaja 148x200cm Erja Hirvi. Good condition. Cotton.<\/p>\n","protected":false},"excerpt":{"rendered":"<p>Marimekko Fabric P\u00e4iv\u00e4ntasaaja 148x200cm Erja Hirvi<\/p>\n","protected":false},"featured_media":114529,"comment_status":"closed","ping_status":"closed","template":"","meta":{"_et_pb_use_builder":"","_et_pb_old_content":"","_et_gb_content_width":""},"product_brand":[],"product_cat":[317],"product_tag":[],"class_list":{"0":"post-114547","1":"product","2":"type-product","3":"status-publish","4":"has-post-thumbnail","6":"product_cat-fabric","7":"product_shipping_class-pieni-en","8":"pa_brand-marimekko-en-2","9":"pa_designer-erja-hirvi-en","11":"first","12":"instock","13":"taxable","14":"shipping-taxable","15":"purchasable","16":"product-type-simple"},"_links":{"self":[{"href":"https:\/\/muija.fi\/en\/wp-json\/wp\/v2\/product\/114547","targetHints":{"allow":["GET"]}}],"collection":[{"href":"https:\/\/muija.fi\/en\/wp-json\/wp\/v2\/product"}],"about":[{"href":"https:\/\/muija.fi\/en\/wp-json\/wp\/v2\/types\/product"}],"replies":[{"embeddable":true,"href":"https:\/\/muija.fi\/en\/wp-json\/wp\/v2\/comments?post=114547"}],"wp:featuredmedia":[{"embeddable":true,"href":"https:\/\/muija.fi\/en\/wp-json\/wp\/v2\/media\/114529"}],"wp:attachment":[{"href":"https:\/\/muija.fi\/en\/wp-json\/wp\/v2\/media?parent=114547"}],"wp:term":[{"taxonomy":"product_brand","embeddable":true,"href":"https:\/\/muija.fi\/en\/wp-json\/wp\/v2\/product_brand?post=114547"},{"taxonomy":"product_cat","embeddable":true,"href":"https:\/\/muija.fi\/en\/wp-json\/wp\/v2\/product_cat?post=114547"},{"taxonomy":"product_tag","embeddable":true,"href":"https:\/\/muija.fi\/en\/wp-json\/wp\/v2\/product_tag?post=114547"}],"curies":[{"name":"wp","href":"https:\/\/api.w.org\/{rel}","templated":true}]}}