{"id":119428,"date":"2023-02-13T15:22:36","date_gmt":"2023-02-13T12:22:36","guid":{"rendered":"https:\/\/muija.fi\/product\/helja-liukko-sundstrom-wall-plate-haapaisten-jukola-12x12cm\/"},"modified":"2023-02-13T15:22:36","modified_gmt":"2023-02-13T12:22:36","slug":"helja-liukko-sundstrom-wall-plate-haapaisten-jukola-12x12cm","status":"publish","type":"product","link":"https:\/\/muija.fi\/en\/product\/helja-liukko-sundstrom-wall-plate-haapaisten-jukola-12x12cm\/","title":{"rendered":"Helj\u00e4 Liukko-Sundstr\u00f6m Wall plate Haapaisten Jukola 12x12cm"},"content":{"rendered":"<p>Helj\u00e4 Liukko-Sundstr\u00f6m Wall plate Haapaisten Jukola 12x12cm. Good condition.\u00a0<\/p>\n","protected":false},"excerpt":{"rendered":"<p>Helj\u00e4 Liukko-Sundstr\u00f6m Wall plate Haapaisten Jukola 12x12cm<\/p>\n","protected":false},"featured_media":82881,"comment_status":"closed","ping_status":"closed","template":"","meta":{"_et_pb_use_builder":"","_et_pb_old_content":"","_et_gb_content_width":""},"product_brand":[],"product_cat":[392],"product_tag":[],"class_list":{"0":"post-119428","1":"product","2":"type-product","3":"status-publish","4":"has-post-thumbnail","6":"product_cat-other","7":"product_shipping_class-pieni-en","8":"pa_brand-arabia-en-2","10":"first","11":"instock","12":"taxable","13":"shipping-taxable","14":"purchasable","15":"product-type-simple"},"_links":{"self":[{"href":"https:\/\/muija.fi\/en\/wp-json\/wp\/v2\/product\/119428","targetHints":{"allow":["GET"]}}],"collection":[{"href":"https:\/\/muija.fi\/en\/wp-json\/wp\/v2\/product"}],"about":[{"href":"https:\/\/muija.fi\/en\/wp-json\/wp\/v2\/types\/product"}],"replies":[{"embeddable":true,"href":"https:\/\/muija.fi\/en\/wp-json\/wp\/v2\/comments?post=119428"}],"wp:featuredmedia":[{"embeddable":true,"href":"https:\/\/muija.fi\/en\/wp-json\/wp\/v2\/media\/82881"}],"wp:attachment":[{"href":"https:\/\/muija.fi\/en\/wp-json\/wp\/v2\/media?parent=119428"}],"wp:term":[{"taxonomy":"product_brand","embeddable":true,"href":"https:\/\/muija.fi\/en\/wp-json\/wp\/v2\/product_brand?post=119428"},{"taxonomy":"product_cat","embeddable":true,"href":"https:\/\/muija.fi\/en\/wp-json\/wp\/v2\/product_cat?post=119428"},{"taxonomy":"product_tag","embeddable":true,"href":"https:\/\/muija.fi\/en\/wp-json\/wp\/v2\/product_tag?post=119428"}],"curies":[{"name":"wp","href":"https:\/\/api.w.org\/{rel}","templated":true}]}}