{"id":121536,"date":"2025-01-08T12:48:59","date_gmt":"2025-01-08T09:48:59","guid":{"rendered":"https:\/\/muija.fi\/product\/kalevalakoru-setukaisten-kaaty-silver-41cm\/"},"modified":"2025-01-08T12:48:59","modified_gmt":"2025-01-08T09:48:59","slug":"kalevalakoru-setukaisten-kaaty-silver-41cm","status":"publish","type":"product","link":"https:\/\/muija.fi\/en\/product\/kalevalakoru-setukaisten-kaaty-silver-41cm\/","title":{"rendered":"Kalevalakoru Setukaisten k\u00e4\u00e4ty Silver 41cm"},"content":{"rendered":"<p>Kalevalakoru Setukaisten k\u00e4\u00e4ty necklace Silver 41cm. Good condition, original box, Sterling silver 925. From 1996.<\/p>\n","protected":false},"excerpt":{"rendered":"<p>Kalevalakoru Setukaisten k\u00e4\u00e4ty Silver 41cm<\/p>\n","protected":false},"featured_media":121531,"comment_status":"closed","ping_status":"closed","template":"","meta":{"_et_pb_use_builder":"","_et_pb_old_content":"","_et_gb_content_width":""},"product_brand":[],"product_cat":[314],"product_tag":[],"class_list":{"0":"post-121536","1":"product","2":"type-product","3":"status-publish","4":"has-post-thumbnail","6":"product_cat-jewelry","7":"product_shipping_class-pieni-en","9":"first","10":"instock","11":"taxable","12":"shipping-taxable","13":"purchasable","14":"product-type-simple"},"_links":{"self":[{"href":"https:\/\/muija.fi\/en\/wp-json\/wp\/v2\/product\/121536","targetHints":{"allow":["GET"]}}],"collection":[{"href":"https:\/\/muija.fi\/en\/wp-json\/wp\/v2\/product"}],"about":[{"href":"https:\/\/muija.fi\/en\/wp-json\/wp\/v2\/types\/product"}],"replies":[{"embeddable":true,"href":"https:\/\/muija.fi\/en\/wp-json\/wp\/v2\/comments?post=121536"}],"wp:featuredmedia":[{"embeddable":true,"href":"https:\/\/muija.fi\/en\/wp-json\/wp\/v2\/media\/121531"}],"wp:attachment":[{"href":"https:\/\/muija.fi\/en\/wp-json\/wp\/v2\/media?parent=121536"}],"wp:term":[{"taxonomy":"product_brand","embeddable":true,"href":"https:\/\/muija.fi\/en\/wp-json\/wp\/v2\/product_brand?post=121536"},{"taxonomy":"product_cat","embeddable":true,"href":"https:\/\/muija.fi\/en\/wp-json\/wp\/v2\/product_cat?post=121536"},{"taxonomy":"product_tag","embeddable":true,"href":"https:\/\/muija.fi\/en\/wp-json\/wp\/v2\/product_tag?post=121536"}],"curies":[{"name":"wp","href":"https:\/\/api.w.org\/{rel}","templated":true}]}}