{"id":121889,"date":"2025-01-11T14:19:34","date_gmt":"2025-01-11T11:19:34","guid":{"rendered":"https:\/\/muija.fi\/product\/marimekko-fabric-metsanvaki-red-150x130cm\/"},"modified":"2025-01-11T14:19:34","modified_gmt":"2025-01-11T11:19:34","slug":"marimekko-fabric-metsanvaki-red-150x130cm","status":"publish","type":"product","link":"https:\/\/muija.fi\/en\/product\/marimekko-fabric-metsanvaki-red-150x130cm\/","title":{"rendered":"Marimekko Fabric Mets\u00e4nv\u00e4ki red 150x130cm"},"content":{"rendered":"<p>Marimekko Fabric Mets\u00e4nv\u00e4ki red 150x130cm. Good condition, cotton.<\/p>\n","protected":false},"excerpt":{"rendered":"<p>Marimekko Fabric Mets\u00e4nv\u00e4ki red 150x130cm<\/p>\n","protected":false},"featured_media":121865,"comment_status":"closed","ping_status":"closed","template":"","meta":{"_et_pb_use_builder":"","_et_pb_old_content":"","_et_gb_content_width":""},"product_brand":[],"product_cat":[317],"product_tag":[],"class_list":{"0":"post-121889","1":"product","2":"type-product","3":"status-publish","4":"has-post-thumbnail","6":"product_cat-fabric","7":"product_shipping_class-pieni-en","8":"pa_brand-marimekko-en-2","10":"first","11":"instock","12":"taxable","13":"shipping-taxable","14":"purchasable","15":"product-type-simple"},"_links":{"self":[{"href":"https:\/\/muija.fi\/en\/wp-json\/wp\/v2\/product\/121889","targetHints":{"allow":["GET"]}}],"collection":[{"href":"https:\/\/muija.fi\/en\/wp-json\/wp\/v2\/product"}],"about":[{"href":"https:\/\/muija.fi\/en\/wp-json\/wp\/v2\/types\/product"}],"replies":[{"embeddable":true,"href":"https:\/\/muija.fi\/en\/wp-json\/wp\/v2\/comments?post=121889"}],"wp:featuredmedia":[{"embeddable":true,"href":"https:\/\/muija.fi\/en\/wp-json\/wp\/v2\/media\/121865"}],"wp:attachment":[{"href":"https:\/\/muija.fi\/en\/wp-json\/wp\/v2\/media?parent=121889"}],"wp:term":[{"taxonomy":"product_brand","embeddable":true,"href":"https:\/\/muija.fi\/en\/wp-json\/wp\/v2\/product_brand?post=121889"},{"taxonomy":"product_cat","embeddable":true,"href":"https:\/\/muija.fi\/en\/wp-json\/wp\/v2\/product_cat?post=121889"},{"taxonomy":"product_tag","embeddable":true,"href":"https:\/\/muija.fi\/en\/wp-json\/wp\/v2\/product_tag?post=121889"}],"curies":[{"name":"wp","href":"https:\/\/api.w.org\/{rel}","templated":true}]}}