{"id":125801,"date":"2025-03-29T12:08:28","date_gmt":"2025-03-29T09:08:28","guid":{"rendered":"https:\/\/muija.fi\/product\/arabia-wall-plate-fish-16x31cm-helja-liukko-sundstrom\/"},"modified":"2026-02-01T18:05:06","modified_gmt":"2026-02-01T15:05:06","slug":"arabia-wall-plate-fish-16x31cm-helja-liukko-sundstrom","status":"publish","type":"product","link":"https:\/\/muija.fi\/en\/product\/arabia-wall-plate-fish-16x31cm-helja-liukko-sundstrom\/","title":{"rendered":"Arabia Wall plate Fish 16x31cm Helj\u00e4 Liukko-Sundstr\u00f6m"},"content":{"rendered":"<p>Arabia Wall plate Fish 16x31cm Helj\u00e4 Liukko-Sundstr\u00f6m. Good condition.<\/p>\n","protected":false},"excerpt":{"rendered":"<p>Arabia Wall plate Fish 16x31cm Helj\u00e4 Liukko-Sundstr\u00f6m<\/p>\n","protected":false},"featured_media":125778,"comment_status":"closed","ping_status":"closed","template":"","meta":{"_et_pb_use_builder":"","_et_pb_old_content":"","_et_gb_content_width":""},"product_brand":[],"product_cat":[392],"product_tag":[],"class_list":{"0":"post-125801","1":"product","2":"type-product","3":"status-publish","4":"has-post-thumbnail","6":"product_cat-other","7":"product_shipping_class-keskikokoinen-en","8":"pa_brand-arabia-en-2","10":"first","11":"outofstock","12":"taxable","13":"shipping-taxable","14":"purchasable","15":"product-type-simple"},"_links":{"self":[{"href":"https:\/\/muija.fi\/en\/wp-json\/wp\/v2\/product\/125801","targetHints":{"allow":["GET"]}}],"collection":[{"href":"https:\/\/muija.fi\/en\/wp-json\/wp\/v2\/product"}],"about":[{"href":"https:\/\/muija.fi\/en\/wp-json\/wp\/v2\/types\/product"}],"replies":[{"embeddable":true,"href":"https:\/\/muija.fi\/en\/wp-json\/wp\/v2\/comments?post=125801"}],"wp:featuredmedia":[{"embeddable":true,"href":"https:\/\/muija.fi\/en\/wp-json\/wp\/v2\/media\/125778"}],"wp:attachment":[{"href":"https:\/\/muija.fi\/en\/wp-json\/wp\/v2\/media?parent=125801"}],"wp:term":[{"taxonomy":"product_brand","embeddable":true,"href":"https:\/\/muija.fi\/en\/wp-json\/wp\/v2\/product_brand?post=125801"},{"taxonomy":"product_cat","embeddable":true,"href":"https:\/\/muija.fi\/en\/wp-json\/wp\/v2\/product_cat?post=125801"},{"taxonomy":"product_tag","embeddable":true,"href":"https:\/\/muija.fi\/en\/wp-json\/wp\/v2\/product_tag?post=125801"}],"curies":[{"name":"wp","href":"https:\/\/api.w.org\/{rel}","templated":true}]}}