{"id":125803,"date":"2025-03-29T14:32:35","date_gmt":"2025-03-29T11:32:38","guid":{"rendered":"https:\/\/muija.fi\/?post_type=product&#038;p=125803"},"modified":"2026-03-12T14:07:25","modified_gmt":"2026-03-12T11:07:25","slug":"arabia-wall-plate-fish-16x31cm-helja-liukko-sundstrom-kopio","status":"publish","type":"product","link":"https:\/\/muija.fi\/en\/product\/arabia-wall-plate-fish-16x31cm-helja-liukko-sundstrom-kopio\/","title":{"rendered":"Arabia Wall plate Fisherman 16x31cm Helj\u00e4 Liukko-Sundstr\u00f6m"},"content":{"rendered":"<p>Arabia Wall plate Fisherman 16x31cm Helj\u00e4 Liukko-Sundstr\u00f6m. Good condition.<\/p>\n","protected":false},"excerpt":{"rendered":"<p>Arabia Wall plate Fisherman 16x31cm Helj\u00e4 Liukko-Sundstr\u00f6m<\/p>\n","protected":false},"featured_media":141991,"comment_status":"closed","ping_status":"closed","template":"","meta":{"_et_pb_use_builder":"","_et_pb_old_content":"","_et_gb_content_width":""},"product_brand":[],"product_cat":[392],"product_tag":[],"class_list":{"0":"post-125803","1":"product","2":"type-product","3":"status-publish","4":"has-post-thumbnail","6":"product_cat-other","7":"product_shipping_class-keskikokoinen-en","8":"pa_brand-arabia-en-2","10":"first","11":"instock","12":"taxable","13":"shipping-taxable","14":"purchasable","15":"product-type-simple"},"_links":{"self":[{"href":"https:\/\/muija.fi\/en\/wp-json\/wp\/v2\/product\/125803","targetHints":{"allow":["GET"]}}],"collection":[{"href":"https:\/\/muija.fi\/en\/wp-json\/wp\/v2\/product"}],"about":[{"href":"https:\/\/muija.fi\/en\/wp-json\/wp\/v2\/types\/product"}],"replies":[{"embeddable":true,"href":"https:\/\/muija.fi\/en\/wp-json\/wp\/v2\/comments?post=125803"}],"wp:featuredmedia":[{"embeddable":true,"href":"https:\/\/muija.fi\/en\/wp-json\/wp\/v2\/media\/141991"}],"wp:attachment":[{"href":"https:\/\/muija.fi\/en\/wp-json\/wp\/v2\/media?parent=125803"}],"wp:term":[{"taxonomy":"product_brand","embeddable":true,"href":"https:\/\/muija.fi\/en\/wp-json\/wp\/v2\/product_brand?post=125803"},{"taxonomy":"product_cat","embeddable":true,"href":"https:\/\/muija.fi\/en\/wp-json\/wp\/v2\/product_cat?post=125803"},{"taxonomy":"product_tag","embeddable":true,"href":"https:\/\/muija.fi\/en\/wp-json\/wp\/v2\/product_tag?post=125803"}],"curies":[{"name":"wp","href":"https:\/\/api.w.org\/{rel}","templated":true}]}}