{"id":125943,"date":"2025-04-01T11:03:09","date_gmt":"2025-04-01T08:03:09","guid":{"rendered":"https:\/\/muija.fi\/product\/iittala-loyto-vase-155cm\/"},"modified":"2025-04-01T11:03:09","modified_gmt":"2025-04-01T08:03:09","slug":"iittala-loyto-vase-155cm","status":"publish","type":"product","link":"https:\/\/muija.fi\/en\/product\/iittala-loyto-vase-155cm\/","title":{"rendered":"Iittala L\u00f6yt\u00f6 Vase 15,5cm"},"content":{"rendered":"<p>Iittala L\u00f6yt\u00f6 Vase 15,5cm. Designed in 1950&#8217;s. Good condition.<\/p>\n","protected":false},"excerpt":{"rendered":"<p>Iittala L\u00f6yt\u00f6 Vase 15,5cm<\/p>\n","protected":false},"featured_media":125931,"comment_status":"closed","ping_status":"closed","template":"","meta":{"_et_pb_use_builder":"","_et_pb_old_content":"","_et_gb_content_width":""},"product_brand":[],"product_cat":[385],"product_tag":[],"class_list":{"0":"post-125943","1":"product","2":"type-product","3":"status-publish","4":"has-post-thumbnail","6":"product_cat-other-dishware","7":"product_shipping_class-keskikokoinen-en","8":"pa_brand-iittala-en-2","10":"first","11":"instock","12":"taxable","13":"shipping-taxable","14":"purchasable","15":"product-type-simple"},"_links":{"self":[{"href":"https:\/\/muija.fi\/en\/wp-json\/wp\/v2\/product\/125943","targetHints":{"allow":["GET"]}}],"collection":[{"href":"https:\/\/muija.fi\/en\/wp-json\/wp\/v2\/product"}],"about":[{"href":"https:\/\/muija.fi\/en\/wp-json\/wp\/v2\/types\/product"}],"replies":[{"embeddable":true,"href":"https:\/\/muija.fi\/en\/wp-json\/wp\/v2\/comments?post=125943"}],"wp:featuredmedia":[{"embeddable":true,"href":"https:\/\/muija.fi\/en\/wp-json\/wp\/v2\/media\/125931"}],"wp:attachment":[{"href":"https:\/\/muija.fi\/en\/wp-json\/wp\/v2\/media?parent=125943"}],"wp:term":[{"taxonomy":"product_brand","embeddable":true,"href":"https:\/\/muija.fi\/en\/wp-json\/wp\/v2\/product_brand?post=125943"},{"taxonomy":"product_cat","embeddable":true,"href":"https:\/\/muija.fi\/en\/wp-json\/wp\/v2\/product_cat?post=125943"},{"taxonomy":"product_tag","embeddable":true,"href":"https:\/\/muija.fi\/en\/wp-json\/wp\/v2\/product_tag?post=125943"}],"curies":[{"name":"wp","href":"https:\/\/api.w.org\/{rel}","templated":true}]}}