{"id":126051,"date":"2025-04-01T15:38:09","date_gmt":"2025-04-01T12:38:11","guid":{"rendered":"https:\/\/muija.fi\/?post_type=product&#038;p=126051"},"modified":"2025-04-01T15:40:50","modified_gmt":"2025-04-01T12:40:50","slug":"riihimaen-lasi-yrjo-cognac-glass-kopio","status":"publish","type":"product","link":"https:\/\/muija.fi\/en\/product\/riihimaen-lasi-yrjo-cognac-glass-kopio\/","title":{"rendered":"Riihim\u00e4en lasi Yrj\u00f6 Wine Glass 15,5cm"},"content":{"rendered":"<p>Riihim\u00e4en lasi Yrj\u00f6 Wine Glass 15,5cm. Good condition. Very little signs of use. No chips.<\/p>\n","protected":false},"excerpt":{"rendered":"<p>Riihim\u00e4en lasi Yrj\u00f6 Wine Glass 15,5cm<\/p>\n","protected":false},"featured_media":126047,"comment_status":"closed","ping_status":"closed","template":"","meta":{"_et_pb_use_builder":"","_et_pb_old_content":"","_et_gb_content_width":""},"product_brand":[],"product_cat":[381],"product_tag":[],"class_list":{"0":"post-126051","1":"product","2":"type-product","3":"status-publish","4":"has-post-thumbnail","6":"product_cat-drinking-glasses","7":"product_shipping_class-keskikokoinen-en","8":"pa_brand-riihimaen-lasi-en","10":"first","11":"instock","12":"taxable","13":"shipping-taxable","14":"purchasable","15":"product-type-simple"},"_links":{"self":[{"href":"https:\/\/muija.fi\/en\/wp-json\/wp\/v2\/product\/126051","targetHints":{"allow":["GET"]}}],"collection":[{"href":"https:\/\/muija.fi\/en\/wp-json\/wp\/v2\/product"}],"about":[{"href":"https:\/\/muija.fi\/en\/wp-json\/wp\/v2\/types\/product"}],"replies":[{"embeddable":true,"href":"https:\/\/muija.fi\/en\/wp-json\/wp\/v2\/comments?post=126051"}],"wp:featuredmedia":[{"embeddable":true,"href":"https:\/\/muija.fi\/en\/wp-json\/wp\/v2\/media\/126047"}],"wp:attachment":[{"href":"https:\/\/muija.fi\/en\/wp-json\/wp\/v2\/media?parent=126051"}],"wp:term":[{"taxonomy":"product_brand","embeddable":true,"href":"https:\/\/muija.fi\/en\/wp-json\/wp\/v2\/product_brand?post=126051"},{"taxonomy":"product_cat","embeddable":true,"href":"https:\/\/muija.fi\/en\/wp-json\/wp\/v2\/product_cat?post=126051"},{"taxonomy":"product_tag","embeddable":true,"href":"https:\/\/muija.fi\/en\/wp-json\/wp\/v2\/product_tag?post=126051"}],"curies":[{"name":"wp","href":"https:\/\/api.w.org\/{rel}","templated":true}]}}