{"id":126058,"date":"2025-04-01T15:54:27","date_gmt":"2025-04-01T12:54:29","guid":{"rendered":"https:\/\/muija.fi\/?post_type=product&#038;p=126058"},"modified":"2025-04-01T15:56:37","modified_gmt":"2025-04-01T12:56:37","slug":"riihimaen-lasi-yrjo-drinking-glass-12cm-kopio","status":"publish","type":"product","link":"https:\/\/muija.fi\/en\/product\/riihimaen-lasi-yrjo-drinking-glass-12cm-kopio\/","title":{"rendered":"Riihim\u00e4en lasi Yrj\u00f6 Shot Glass 9cm"},"content":{"rendered":"<p>Riihim\u00e4en lasi Yrj\u00f6 Shot Glass 9cm. Good condition. Chrystal.<\/p>\n","protected":false},"excerpt":{"rendered":"<p>Riihim\u00e4en lasi Yrj\u00f6 Shot Glass 9cm<\/p>\n","protected":false},"featured_media":126056,"comment_status":"closed","ping_status":"closed","template":"","meta":{"_et_pb_use_builder":"","_et_pb_old_content":"","_et_gb_content_width":""},"product_brand":[],"product_cat":[381],"product_tag":[],"class_list":{"0":"post-126058","1":"product","2":"type-product","3":"status-publish","4":"has-post-thumbnail","6":"product_cat-drinking-glasses","7":"product_shipping_class-keskikokoinen-en","8":"pa_brand-riihimaen-lasi-en","10":"first","11":"instock","12":"taxable","13":"shipping-taxable","14":"purchasable","15":"product-type-simple"},"_links":{"self":[{"href":"https:\/\/muija.fi\/en\/wp-json\/wp\/v2\/product\/126058","targetHints":{"allow":["GET"]}}],"collection":[{"href":"https:\/\/muija.fi\/en\/wp-json\/wp\/v2\/product"}],"about":[{"href":"https:\/\/muija.fi\/en\/wp-json\/wp\/v2\/types\/product"}],"replies":[{"embeddable":true,"href":"https:\/\/muija.fi\/en\/wp-json\/wp\/v2\/comments?post=126058"}],"wp:featuredmedia":[{"embeddable":true,"href":"https:\/\/muija.fi\/en\/wp-json\/wp\/v2\/media\/126056"}],"wp:attachment":[{"href":"https:\/\/muija.fi\/en\/wp-json\/wp\/v2\/media?parent=126058"}],"wp:term":[{"taxonomy":"product_brand","embeddable":true,"href":"https:\/\/muija.fi\/en\/wp-json\/wp\/v2\/product_brand?post=126058"},{"taxonomy":"product_cat","embeddable":true,"href":"https:\/\/muija.fi\/en\/wp-json\/wp\/v2\/product_cat?post=126058"},{"taxonomy":"product_tag","embeddable":true,"href":"https:\/\/muija.fi\/en\/wp-json\/wp\/v2\/product_tag?post=126058"}],"curies":[{"name":"wp","href":"https:\/\/api.w.org\/{rel}","templated":true}]}}