{"id":126293,"date":"2025-04-08T09:45:58","date_gmt":"2025-04-08T06:45:58","guid":{"rendered":"https:\/\/muija.fi\/product\/arabia-kaisla-flower-pot-8cm-gunvor-olin-gronqvist\/"},"modified":"2025-04-08T09:45:58","modified_gmt":"2025-04-08T06:45:58","slug":"arabia-kaisla-flower-pot-8cm-gunvor-olin-gronqvist","status":"publish","type":"product","link":"https:\/\/muija.fi\/en\/product\/arabia-kaisla-flower-pot-8cm-gunvor-olin-gronqvist\/","title":{"rendered":"Arabia Kaisla Flower Pot 8cm Gunvor Olin-Gr\u00f6nqvist"},"content":{"rendered":"<p>Arabia Kaisla Flower Pot 8cm Gunvor Olin-Gr\u00f6nqvist. Hyv\u00e4 kunto. 12cm wide.<\/p>\n","protected":false},"excerpt":{"rendered":"<p>Arabia Kaisla Flower Pot 8cm Gunvor Olin-Gr\u00f6nqvist<\/p>\n","protected":false},"featured_media":126277,"comment_status":"closed","ping_status":"closed","template":"","meta":{"_et_pb_use_builder":"","_et_pb_old_content":"","_et_gb_content_width":""},"product_brand":[],"product_cat":[385],"product_tag":[],"class_list":{"0":"post-126293","1":"product","2":"type-product","3":"status-publish","4":"has-post-thumbnail","6":"product_cat-other-dishware","7":"product_shipping_class-keskikokoinen-en","9":"first","10":"instock","11":"taxable","12":"shipping-taxable","13":"purchasable","14":"product-type-simple"},"_links":{"self":[{"href":"https:\/\/muija.fi\/en\/wp-json\/wp\/v2\/product\/126293","targetHints":{"allow":["GET"]}}],"collection":[{"href":"https:\/\/muija.fi\/en\/wp-json\/wp\/v2\/product"}],"about":[{"href":"https:\/\/muija.fi\/en\/wp-json\/wp\/v2\/types\/product"}],"replies":[{"embeddable":true,"href":"https:\/\/muija.fi\/en\/wp-json\/wp\/v2\/comments?post=126293"}],"wp:featuredmedia":[{"embeddable":true,"href":"https:\/\/muija.fi\/en\/wp-json\/wp\/v2\/media\/126277"}],"wp:attachment":[{"href":"https:\/\/muija.fi\/en\/wp-json\/wp\/v2\/media?parent=126293"}],"wp:term":[{"taxonomy":"product_brand","embeddable":true,"href":"https:\/\/muija.fi\/en\/wp-json\/wp\/v2\/product_brand?post=126293"},{"taxonomy":"product_cat","embeddable":true,"href":"https:\/\/muija.fi\/en\/wp-json\/wp\/v2\/product_cat?post=126293"},{"taxonomy":"product_tag","embeddable":true,"href":"https:\/\/muija.fi\/en\/wp-json\/wp\/v2\/product_tag?post=126293"}],"curies":[{"name":"wp","href":"https:\/\/api.w.org\/{rel}","templated":true}]}}