{"id":128637,"date":"2025-06-24T10:28:00","date_gmt":"2025-06-24T07:28:00","guid":{"rendered":"https:\/\/muija.fi\/product\/riihimaen-lasi-yrjo-glass-95cm-crystal\/"},"modified":"2025-06-24T10:28:00","modified_gmt":"2025-06-24T07:28:00","slug":"riihimaen-lasi-yrjo-glass-95cm-crystal","status":"publish","type":"product","link":"https:\/\/muija.fi\/en\/product\/riihimaen-lasi-yrjo-glass-95cm-crystal\/","title":{"rendered":"Riihim\u00e4en lasi Yrj\u00f6 glass 9,5cm crystal"},"content":{"rendered":"<p>Riihim\u00e4en lasi Yrj\u00f6 glass 9,5cm crystal. Good condition. 4,5cm wide.<\/p>\n","protected":false},"excerpt":{"rendered":"<p>Riihim\u00e4en lasi Yrj\u00f6 glass 9,5cm crystal<\/p>\n","protected":false},"featured_media":128618,"comment_status":"closed","ping_status":"closed","template":"","meta":{"_et_pb_use_builder":"","_et_pb_old_content":"","_et_gb_content_width":""},"product_brand":[],"product_cat":[381],"product_tag":[],"class_list":{"0":"post-128637","1":"product","2":"type-product","3":"status-publish","4":"has-post-thumbnail","6":"product_cat-drinking-glasses","7":"product_shipping_class-keskikokoinen-en","8":"pa_brand-riihimaen-lasi-en","10":"first","11":"instock","12":"taxable","13":"shipping-taxable","14":"purchasable","15":"product-type-simple"},"_links":{"self":[{"href":"https:\/\/muija.fi\/en\/wp-json\/wp\/v2\/product\/128637","targetHints":{"allow":["GET"]}}],"collection":[{"href":"https:\/\/muija.fi\/en\/wp-json\/wp\/v2\/product"}],"about":[{"href":"https:\/\/muija.fi\/en\/wp-json\/wp\/v2\/types\/product"}],"replies":[{"embeddable":true,"href":"https:\/\/muija.fi\/en\/wp-json\/wp\/v2\/comments?post=128637"}],"wp:featuredmedia":[{"embeddable":true,"href":"https:\/\/muija.fi\/en\/wp-json\/wp\/v2\/media\/128618"}],"wp:attachment":[{"href":"https:\/\/muija.fi\/en\/wp-json\/wp\/v2\/media?parent=128637"}],"wp:term":[{"taxonomy":"product_brand","embeddable":true,"href":"https:\/\/muija.fi\/en\/wp-json\/wp\/v2\/product_brand?post=128637"},{"taxonomy":"product_cat","embeddable":true,"href":"https:\/\/muija.fi\/en\/wp-json\/wp\/v2\/product_cat?post=128637"},{"taxonomy":"product_tag","embeddable":true,"href":"https:\/\/muija.fi\/en\/wp-json\/wp\/v2\/product_tag?post=128637"}],"curies":[{"name":"wp","href":"https:\/\/api.w.org\/{rel}","templated":true}]}}