{"id":130483,"date":"2025-07-30T13:00:51","date_gmt":"2025-07-30T10:00:51","guid":{"rendered":"https:\/\/muija.fi\/?post_type=product&#038;p=130483"},"modified":"2025-07-30T13:06:04","modified_gmt":"2025-07-30T10:06:04","slug":"arabia-wall-plate-sydanystava-5-moose-kopio","status":"publish","type":"product","link":"https:\/\/muija.fi\/en\/product\/arabia-wall-plate-sydanystava-5-moose-kopio\/","title":{"rendered":"Arabia wall plate Syd\u00e4nyst\u00e4v\u00e4 8 Troll"},"content":{"rendered":"<p>Arabia wall plate by Sussi Anna \u00c5berg. Was in production 1990&#8217;s. Size 12x12cm.\u00a0 In good condition.<\/p>\n","protected":false},"excerpt":{"rendered":"<p>Arabia wall plate Syd\u00e4nyst\u00e4v\u00e4 8 Troll<\/p>\n","protected":false},"featured_media":130432,"comment_status":"closed","ping_status":"closed","template":"","meta":{"_et_pb_use_builder":"","_et_pb_old_content":"","_et_gb_content_width":""},"product_brand":[],"product_cat":[385,392],"product_tag":[],"class_list":{"0":"post-130483","1":"product","2":"type-product","3":"status-publish","4":"has-post-thumbnail","6":"product_cat-other-dishware","7":"product_cat-other","8":"product_shipping_class-pieni-en","9":"pa_brand-arabia-en-2","11":"first","12":"instock","13":"taxable","14":"shipping-taxable","15":"purchasable","16":"product-type-simple"},"_links":{"self":[{"href":"https:\/\/muija.fi\/en\/wp-json\/wp\/v2\/product\/130483","targetHints":{"allow":["GET"]}}],"collection":[{"href":"https:\/\/muija.fi\/en\/wp-json\/wp\/v2\/product"}],"about":[{"href":"https:\/\/muija.fi\/en\/wp-json\/wp\/v2\/types\/product"}],"replies":[{"embeddable":true,"href":"https:\/\/muija.fi\/en\/wp-json\/wp\/v2\/comments?post=130483"}],"wp:featuredmedia":[{"embeddable":true,"href":"https:\/\/muija.fi\/en\/wp-json\/wp\/v2\/media\/130432"}],"wp:attachment":[{"href":"https:\/\/muija.fi\/en\/wp-json\/wp\/v2\/media?parent=130483"}],"wp:term":[{"taxonomy":"product_brand","embeddable":true,"href":"https:\/\/muija.fi\/en\/wp-json\/wp\/v2\/product_brand?post=130483"},{"taxonomy":"product_cat","embeddable":true,"href":"https:\/\/muija.fi\/en\/wp-json\/wp\/v2\/product_cat?post=130483"},{"taxonomy":"product_tag","embeddable":true,"href":"https:\/\/muija.fi\/en\/wp-json\/wp\/v2\/product_tag?post=130483"}],"curies":[{"name":"wp","href":"https:\/\/api.w.org\/{rel}","templated":true}]}}