{"id":130800,"date":"2025-08-11T10:19:33","date_gmt":"2025-08-11T07:19:33","guid":{"rendered":"https:\/\/muija.fi\/product\/marimekko-fabric-viiriainen-40x135cm-annika-rimala\/"},"modified":"2025-08-11T10:19:33","modified_gmt":"2025-08-11T07:19:33","slug":"marimekko-fabric-viiriainen-40x135cm-annika-rimala","status":"publish","type":"product","link":"https:\/\/muija.fi\/en\/product\/marimekko-fabric-viiriainen-40x135cm-annika-rimala\/","title":{"rendered":"Marimekko Fabric Viiri\u00e4inen 40x135cm Annika Rimala"},"content":{"rendered":"<p>Marimekko Fabric Viiri\u00e4inen 40x135cm Annika Rimala. Good condition, cotton. At the other end text Viiri\u00e4inen.<\/p>\n","protected":false},"excerpt":{"rendered":"<p>Marimekko Fabric Viiri\u00e4inen 40x135cm Annika Rimala<\/p>\n","protected":false},"featured_media":130625,"comment_status":"closed","ping_status":"closed","template":"","meta":{"_et_pb_use_builder":"","_et_pb_old_content":"","_et_gb_content_width":""},"product_brand":[],"product_cat":[317],"product_tag":[],"class_list":{"0":"post-130800","1":"product","2":"type-product","3":"status-publish","4":"has-post-thumbnail","6":"product_cat-fabric","7":"product_shipping_class-pieni-en","8":"pa_brand-marimekko-en-2","9":"pa_designer-annika-rimala-en","11":"first","12":"instock","13":"taxable","14":"shipping-taxable","15":"purchasable","16":"product-type-simple"},"_links":{"self":[{"href":"https:\/\/muija.fi\/en\/wp-json\/wp\/v2\/product\/130800","targetHints":{"allow":["GET"]}}],"collection":[{"href":"https:\/\/muija.fi\/en\/wp-json\/wp\/v2\/product"}],"about":[{"href":"https:\/\/muija.fi\/en\/wp-json\/wp\/v2\/types\/product"}],"replies":[{"embeddable":true,"href":"https:\/\/muija.fi\/en\/wp-json\/wp\/v2\/comments?post=130800"}],"wp:featuredmedia":[{"embeddable":true,"href":"https:\/\/muija.fi\/en\/wp-json\/wp\/v2\/media\/130625"}],"wp:attachment":[{"href":"https:\/\/muija.fi\/en\/wp-json\/wp\/v2\/media?parent=130800"}],"wp:term":[{"taxonomy":"product_brand","embeddable":true,"href":"https:\/\/muija.fi\/en\/wp-json\/wp\/v2\/product_brand?post=130800"},{"taxonomy":"product_cat","embeddable":true,"href":"https:\/\/muija.fi\/en\/wp-json\/wp\/v2\/product_cat?post=130800"},{"taxonomy":"product_tag","embeddable":true,"href":"https:\/\/muija.fi\/en\/wp-json\/wp\/v2\/product_tag?post=130800"}],"curies":[{"name":"wp","href":"https:\/\/api.w.org\/{rel}","templated":true}]}}