{"id":131799,"date":"2025-09-08T13:54:52","date_gmt":"2025-09-08T10:54:52","guid":{"rendered":"https:\/\/muija.fi\/product\/rorstrand-eklov-plate-18cm\/"},"modified":"2025-09-08T13:54:52","modified_gmt":"2025-09-08T10:54:52","slug":"rorstrand-eklov-plate-18cm","status":"publish","type":"product","link":"https:\/\/muija.fi\/en\/product\/rorstrand-eklov-plate-18cm\/","title":{"rendered":"R\u00f6rstrand Ekl\u00f6v plate 18cm"},"content":{"rendered":"<p>R\u00f6rstrand Ekl\u00f6v plate 18cm. Good condition.<\/p>\n","protected":false},"excerpt":{"rendered":"<p>R\u00f6rstrand Ekl\u00f6v plate 18cm<\/p>\n","protected":false},"featured_media":131787,"comment_status":"closed","ping_status":"closed","template":"","meta":{"_et_pb_use_builder":"","_et_pb_old_content":"","_et_gb_content_width":""},"product_brand":[],"product_cat":[383],"product_tag":[],"class_list":{"0":"post-131799","1":"product","2":"type-product","3":"status-publish","4":"has-post-thumbnail","6":"product_cat-plates","7":"product_shipping_class-pieni-en","8":"pa_brand-rorstrand-en","10":"first","11":"instock","12":"taxable","13":"shipping-taxable","14":"purchasable","15":"product-type-simple"},"_links":{"self":[{"href":"https:\/\/muija.fi\/en\/wp-json\/wp\/v2\/product\/131799","targetHints":{"allow":["GET"]}}],"collection":[{"href":"https:\/\/muija.fi\/en\/wp-json\/wp\/v2\/product"}],"about":[{"href":"https:\/\/muija.fi\/en\/wp-json\/wp\/v2\/types\/product"}],"replies":[{"embeddable":true,"href":"https:\/\/muija.fi\/en\/wp-json\/wp\/v2\/comments?post=131799"}],"wp:featuredmedia":[{"embeddable":true,"href":"https:\/\/muija.fi\/en\/wp-json\/wp\/v2\/media\/131787"}],"wp:attachment":[{"href":"https:\/\/muija.fi\/en\/wp-json\/wp\/v2\/media?parent=131799"}],"wp:term":[{"taxonomy":"product_brand","embeddable":true,"href":"https:\/\/muija.fi\/en\/wp-json\/wp\/v2\/product_brand?post=131799"},{"taxonomy":"product_cat","embeddable":true,"href":"https:\/\/muija.fi\/en\/wp-json\/wp\/v2\/product_cat?post=131799"},{"taxonomy":"product_tag","embeddable":true,"href":"https:\/\/muija.fi\/en\/wp-json\/wp\/v2\/product_tag?post=131799"}],"curies":[{"name":"wp","href":"https:\/\/api.w.org\/{rel}","templated":true}]}}