{"id":131801,"date":"2025-09-08T13:56:09","date_gmt":"2025-09-08T10:56:09","guid":{"rendered":"https:\/\/muija.fi\/?post_type=product&#038;p=131801"},"modified":"2025-09-08T14:02:50","modified_gmt":"2025-09-08T11:02:50","slug":"rorstrand-eklov-plate-18cm-kopio","status":"publish","type":"product","link":"https:\/\/muija.fi\/en\/product\/rorstrand-eklov-plate-18cm-kopio\/","title":{"rendered":"R\u00f6rstrand Ekl\u00f6v Deep plate 20cm"},"content":{"rendered":"<p>R\u00f6rstrand Ekl\u00f6v Deep plate 20cm. Good condition.<\/p>\n","protected":false},"excerpt":{"rendered":"<p>R\u00f6rstrand Ekl\u00f6v Deep plate 20cm<\/p>\n","protected":false},"featured_media":131787,"comment_status":"closed","ping_status":"closed","template":"","meta":{"_et_pb_use_builder":"","_et_pb_old_content":"","_et_gb_content_width":""},"product_brand":[],"product_cat":[383],"product_tag":[],"class_list":{"0":"post-131801","1":"product","2":"type-product","3":"status-publish","4":"has-post-thumbnail","6":"product_cat-plates","7":"product_shipping_class-keskikokoinen-en","8":"pa_brand-rorstrand-en","10":"first","11":"instock","12":"taxable","13":"shipping-taxable","14":"purchasable","15":"product-type-simple"},"_links":{"self":[{"href":"https:\/\/muija.fi\/en\/wp-json\/wp\/v2\/product\/131801","targetHints":{"allow":["GET"]}}],"collection":[{"href":"https:\/\/muija.fi\/en\/wp-json\/wp\/v2\/product"}],"about":[{"href":"https:\/\/muija.fi\/en\/wp-json\/wp\/v2\/types\/product"}],"replies":[{"embeddable":true,"href":"https:\/\/muija.fi\/en\/wp-json\/wp\/v2\/comments?post=131801"}],"wp:featuredmedia":[{"embeddable":true,"href":"https:\/\/muija.fi\/en\/wp-json\/wp\/v2\/media\/131787"}],"wp:attachment":[{"href":"https:\/\/muija.fi\/en\/wp-json\/wp\/v2\/media?parent=131801"}],"wp:term":[{"taxonomy":"product_brand","embeddable":true,"href":"https:\/\/muija.fi\/en\/wp-json\/wp\/v2\/product_brand?post=131801"},{"taxonomy":"product_cat","embeddable":true,"href":"https:\/\/muija.fi\/en\/wp-json\/wp\/v2\/product_cat?post=131801"},{"taxonomy":"product_tag","embeddable":true,"href":"https:\/\/muija.fi\/en\/wp-json\/wp\/v2\/product_tag?post=131801"}],"curies":[{"name":"wp","href":"https:\/\/api.w.org\/{rel}","templated":true}]}}