{"id":131812,"date":"2025-09-08T15:10:04","date_gmt":"2025-09-08T12:10:04","guid":{"rendered":"https:\/\/muija.fi\/product\/rorstrand-eklov-serving-dish-22x285cm\/"},"modified":"2025-09-08T15:10:04","modified_gmt":"2025-09-08T12:10:04","slug":"rorstrand-eklov-serving-dish-22x285cm","status":"publish","type":"product","link":"https:\/\/muija.fi\/en\/product\/rorstrand-eklov-serving-dish-22x285cm\/","title":{"rendered":"R\u00f6rstrand Ekl\u00f6v Serving dish 22&#215;28,5cm"},"content":{"rendered":"<p>R\u00f6rstrand Ekl\u00f6v Serving dish 22&#215;28,5cm. Good condition.<\/p>\n","protected":false},"excerpt":{"rendered":"<p>R\u00f6rstrand Ekl\u00f6v Serving dish 22&#215;28,5cm<\/p>\n","protected":false},"featured_media":131809,"comment_status":"closed","ping_status":"closed","template":"","meta":{"_et_pb_use_builder":"","_et_pb_old_content":"","_et_gb_content_width":""},"product_brand":[],"product_cat":[385],"product_tag":[],"class_list":{"0":"post-131812","1":"product","2":"type-product","3":"status-publish","4":"has-post-thumbnail","6":"product_cat-other-dishware","7":"product_shipping_class-keskikokoinen-en","8":"pa_brand-rorstrand-en","10":"first","11":"instock","12":"taxable","13":"shipping-taxable","14":"purchasable","15":"product-type-simple"},"_links":{"self":[{"href":"https:\/\/muija.fi\/en\/wp-json\/wp\/v2\/product\/131812","targetHints":{"allow":["GET"]}}],"collection":[{"href":"https:\/\/muija.fi\/en\/wp-json\/wp\/v2\/product"}],"about":[{"href":"https:\/\/muija.fi\/en\/wp-json\/wp\/v2\/types\/product"}],"replies":[{"embeddable":true,"href":"https:\/\/muija.fi\/en\/wp-json\/wp\/v2\/comments?post=131812"}],"wp:featuredmedia":[{"embeddable":true,"href":"https:\/\/muija.fi\/en\/wp-json\/wp\/v2\/media\/131809"}],"wp:attachment":[{"href":"https:\/\/muija.fi\/en\/wp-json\/wp\/v2\/media?parent=131812"}],"wp:term":[{"taxonomy":"product_brand","embeddable":true,"href":"https:\/\/muija.fi\/en\/wp-json\/wp\/v2\/product_brand?post=131812"},{"taxonomy":"product_cat","embeddable":true,"href":"https:\/\/muija.fi\/en\/wp-json\/wp\/v2\/product_cat?post=131812"},{"taxonomy":"product_tag","embeddable":true,"href":"https:\/\/muija.fi\/en\/wp-json\/wp\/v2\/product_tag?post=131812"}],"curies":[{"name":"wp","href":"https:\/\/api.w.org\/{rel}","templated":true}]}}