{"id":132599,"date":"2025-09-17T13:52:19","date_gmt":"2025-09-17T10:52:19","guid":{"rendered":"https:\/\/muija.fi\/product\/woollen-tapestry-leva-design-maija-kolsi-makela\/"},"modified":"2025-09-17T13:52:19","modified_gmt":"2025-09-17T10:52:19","slug":"woollen-tapestry-leva-design-maija-kolsi-makela","status":"publish","type":"product","link":"https:\/\/muija.fi\/en\/product\/woollen-tapestry-leva-design-maija-kolsi-makela\/","title":{"rendered":"Woollen Tapestry Lev\u00e4 Design  Maija Kolsi-M\u00e4kel\u00e4"},"content":{"rendered":"<p>Woollen Tapestry Lev\u00e4 Design Maija Kolsi-M\u00e4kel\u00e4. Good condition.\u00a0<\/p>\n","protected":false},"excerpt":{"rendered":"<p>Woollen Tapestry Lev\u00e4 Design Maija Kolsi-M\u00e4kel\u00e4<\/p>\n","protected":false},"featured_media":132549,"comment_status":"closed","ping_status":"closed","template":"","meta":{"_et_pb_use_builder":"","_et_pb_old_content":"","_et_gb_content_width":""},"product_brand":[],"product_cat":[395],"product_tag":[],"class_list":{"0":"post-132599","1":"product","2":"type-product","3":"status-publish","4":"has-post-thumbnail","6":"product_cat-other-textiles","7":"product_shipping_class-pieni-en","9":"first","10":"instock","11":"taxable","12":"shipping-taxable","13":"purchasable","14":"product-type-simple"},"_links":{"self":[{"href":"https:\/\/muija.fi\/en\/wp-json\/wp\/v2\/product\/132599","targetHints":{"allow":["GET"]}}],"collection":[{"href":"https:\/\/muija.fi\/en\/wp-json\/wp\/v2\/product"}],"about":[{"href":"https:\/\/muija.fi\/en\/wp-json\/wp\/v2\/types\/product"}],"replies":[{"embeddable":true,"href":"https:\/\/muija.fi\/en\/wp-json\/wp\/v2\/comments?post=132599"}],"wp:featuredmedia":[{"embeddable":true,"href":"https:\/\/muija.fi\/en\/wp-json\/wp\/v2\/media\/132549"}],"wp:attachment":[{"href":"https:\/\/muija.fi\/en\/wp-json\/wp\/v2\/media?parent=132599"}],"wp:term":[{"taxonomy":"product_brand","embeddable":true,"href":"https:\/\/muija.fi\/en\/wp-json\/wp\/v2\/product_brand?post=132599"},{"taxonomy":"product_cat","embeddable":true,"href":"https:\/\/muija.fi\/en\/wp-json\/wp\/v2\/product_cat?post=132599"},{"taxonomy":"product_tag","embeddable":true,"href":"https:\/\/muija.fi\/en\/wp-json\/wp\/v2\/product_tag?post=132599"}],"curies":[{"name":"wp","href":"https:\/\/api.w.org\/{rel}","templated":true}]}}