{"id":132759,"date":"2025-09-18T15:38:25","date_gmt":"2025-09-18T12:38:25","guid":{"rendered":"https:\/\/muija.fi\/product\/fin-helen-kiitaja-curtain-130x187cm\/"},"modified":"2025-09-18T15:38:25","modified_gmt":"2025-09-18T12:38:25","slug":"fin-helen-kiitaja-curtain-130x187cm","status":"publish","type":"product","link":"https:\/\/muija.fi\/en\/product\/fin-helen-kiitaja-curtain-130x187cm\/","title":{"rendered":"Fin-Helen Kiit\u00e4j\u00e4 Curtain 130x187cm"},"content":{"rendered":"<p>Fin-Helen Kiit\u00e4j\u00e4 Curtain 130x187cm. Good condition, one stain. Cotton.<\/p>\n","protected":false},"excerpt":{"rendered":"<p>Fin-Helen Kiit\u00e4j\u00e4 Curtain 130x187cm<\/p>\n","protected":false},"featured_media":132694,"comment_status":"closed","ping_status":"closed","template":"","meta":{"_et_pb_use_builder":"","_et_pb_old_content":"","_et_gb_content_width":""},"product_brand":[],"product_cat":[318],"product_tag":[],"class_list":{"0":"post-132759","1":"product","2":"type-product","3":"status-publish","4":"has-post-thumbnail","6":"product_cat-curtain","7":"product_shipping_class-pieni-en","8":"pa_brand-fin-helen-en","10":"first","11":"instock","12":"taxable","13":"shipping-taxable","14":"purchasable","15":"product-type-simple"},"_links":{"self":[{"href":"https:\/\/muija.fi\/en\/wp-json\/wp\/v2\/product\/132759","targetHints":{"allow":["GET"]}}],"collection":[{"href":"https:\/\/muija.fi\/en\/wp-json\/wp\/v2\/product"}],"about":[{"href":"https:\/\/muija.fi\/en\/wp-json\/wp\/v2\/types\/product"}],"replies":[{"embeddable":true,"href":"https:\/\/muija.fi\/en\/wp-json\/wp\/v2\/comments?post=132759"}],"wp:featuredmedia":[{"embeddable":true,"href":"https:\/\/muija.fi\/en\/wp-json\/wp\/v2\/media\/132694"}],"wp:attachment":[{"href":"https:\/\/muija.fi\/en\/wp-json\/wp\/v2\/media?parent=132759"}],"wp:term":[{"taxonomy":"product_brand","embeddable":true,"href":"https:\/\/muija.fi\/en\/wp-json\/wp\/v2\/product_brand?post=132759"},{"taxonomy":"product_cat","embeddable":true,"href":"https:\/\/muija.fi\/en\/wp-json\/wp\/v2\/product_cat?post=132759"},{"taxonomy":"product_tag","embeddable":true,"href":"https:\/\/muija.fi\/en\/wp-json\/wp\/v2\/product_tag?post=132759"}],"curies":[{"name":"wp","href":"https:\/\/api.w.org\/{rel}","templated":true}]}}