{"id":134676,"date":"2025-10-31T11:54:05","date_gmt":"2025-10-31T08:54:05","guid":{"rendered":"https:\/\/muija.fi\/product\/nuutajarvi-mansikkapaikka-oil-lamp-14cm-oiva-toikka\/"},"modified":"2025-10-31T11:54:05","modified_gmt":"2025-10-31T08:54:05","slug":"nuutajarvi-mansikkapaikka-oil-lamp-14cm-oiva-toikka","status":"publish","type":"product","link":"https:\/\/muija.fi\/en\/product\/nuutajarvi-mansikkapaikka-oil-lamp-14cm-oiva-toikka\/","title":{"rendered":"Nuutaj\u00e4rvi Mansikkapaikka oil lamp 14cm Oiva Toikka"},"content":{"rendered":"<p>Nuutaj\u00e4rvi Mansikkapaikka oil lamp 14cm Oiva Toikka. Good condition. Signed O.T. Nuutaj\u00e4rvi.<\/p>\n","protected":false},"excerpt":{"rendered":"<p>Nuutaj\u00e4rvi Mansikkapaikka oil lamp 14cm Oiva Toikka<\/p>\n","protected":false},"featured_media":134661,"comment_status":"closed","ping_status":"closed","template":"","meta":{"_et_pb_use_builder":"","_et_pb_old_content":"","_et_gb_content_width":""},"product_brand":[],"product_cat":[392],"product_tag":[],"class_list":{"0":"post-134676","1":"product","2":"type-product","3":"status-publish","4":"has-post-thumbnail","6":"product_cat-other","7":"product_shipping_class-pieni-en","8":"pa_brand-nuutajarvi-en","9":"pa_designer-oiva-toikka-en","11":"first","12":"instock","13":"taxable","14":"shipping-taxable","15":"purchasable","16":"product-type-simple"},"_links":{"self":[{"href":"https:\/\/muija.fi\/en\/wp-json\/wp\/v2\/product\/134676","targetHints":{"allow":["GET"]}}],"collection":[{"href":"https:\/\/muija.fi\/en\/wp-json\/wp\/v2\/product"}],"about":[{"href":"https:\/\/muija.fi\/en\/wp-json\/wp\/v2\/types\/product"}],"replies":[{"embeddable":true,"href":"https:\/\/muija.fi\/en\/wp-json\/wp\/v2\/comments?post=134676"}],"wp:featuredmedia":[{"embeddable":true,"href":"https:\/\/muija.fi\/en\/wp-json\/wp\/v2\/media\/134661"}],"wp:attachment":[{"href":"https:\/\/muija.fi\/en\/wp-json\/wp\/v2\/media?parent=134676"}],"wp:term":[{"taxonomy":"product_brand","embeddable":true,"href":"https:\/\/muija.fi\/en\/wp-json\/wp\/v2\/product_brand?post=134676"},{"taxonomy":"product_cat","embeddable":true,"href":"https:\/\/muija.fi\/en\/wp-json\/wp\/v2\/product_cat?post=134676"},{"taxonomy":"product_tag","embeddable":true,"href":"https:\/\/muija.fi\/en\/wp-json\/wp\/v2\/product_tag?post=134676"}],"curies":[{"name":"wp","href":"https:\/\/api.w.org\/{rel}","templated":true}]}}