{"id":136549,"date":"2025-11-27T11:51:07","date_gmt":"2025-11-27T08:51:07","guid":{"rendered":"https:\/\/muija.fi\/product\/iittala-jaakukka-votive-11cm-ken-benson\/"},"modified":"2025-11-27T11:51:07","modified_gmt":"2025-11-27T08:51:07","slug":"iittala-jaakukka-votive-11cm-ken-benson","status":"publish","type":"product","link":"https:\/\/muija.fi\/en\/product\/iittala-jaakukka-votive-11cm-ken-benson\/","title":{"rendered":"Iittala J\u00e4\u00e4kukka Votive 11cm Ken Benson"},"content":{"rendered":"<p>Iittala J\u00e4\u00e4kukka Votive 11cm Ken Benson. Good condition.\u00a0<\/p>\n","protected":false},"excerpt":{"rendered":"<p>Iittala J\u00e4\u00e4kukka Votive 11cm Ken Benson<\/p>\n","protected":false},"featured_media":136537,"comment_status":"closed","ping_status":"closed","template":"","meta":{"_et_pb_use_builder":"","_et_pb_old_content":"","_et_gb_content_width":""},"product_brand":[],"product_cat":[613,392],"product_tag":[],"class_list":{"0":"post-136549","1":"product","2":"type-product","3":"status-publish","4":"has-post-thumbnail","6":"product_cat-christmas","7":"product_cat-other","8":"product_shipping_class-pieni-en","9":"pa_brand-iittala-en-2","11":"first","12":"instock","13":"taxable","14":"shipping-taxable","15":"purchasable","16":"product-type-simple"},"_links":{"self":[{"href":"https:\/\/muija.fi\/en\/wp-json\/wp\/v2\/product\/136549","targetHints":{"allow":["GET"]}}],"collection":[{"href":"https:\/\/muija.fi\/en\/wp-json\/wp\/v2\/product"}],"about":[{"href":"https:\/\/muija.fi\/en\/wp-json\/wp\/v2\/types\/product"}],"replies":[{"embeddable":true,"href":"https:\/\/muija.fi\/en\/wp-json\/wp\/v2\/comments?post=136549"}],"wp:featuredmedia":[{"embeddable":true,"href":"https:\/\/muija.fi\/en\/wp-json\/wp\/v2\/media\/136537"}],"wp:attachment":[{"href":"https:\/\/muija.fi\/en\/wp-json\/wp\/v2\/media?parent=136549"}],"wp:term":[{"taxonomy":"product_brand","embeddable":true,"href":"https:\/\/muija.fi\/en\/wp-json\/wp\/v2\/product_brand?post=136549"},{"taxonomy":"product_cat","embeddable":true,"href":"https:\/\/muija.fi\/en\/wp-json\/wp\/v2\/product_cat?post=136549"},{"taxonomy":"product_tag","embeddable":true,"href":"https:\/\/muija.fi\/en\/wp-json\/wp\/v2\/product_tag?post=136549"}],"curies":[{"name":"wp","href":"https:\/\/api.w.org\/{rel}","templated":true}]}}