{"id":137545,"date":"2025-12-15T11:36:12","date_gmt":"2025-12-15T08:36:12","guid":{"rendered":"https:\/\/muija.fi\/product\/marimekko-curtain-jaakukka-147x239cm-heikki-orvola\/"},"modified":"2025-12-15T11:36:12","modified_gmt":"2025-12-15T08:36:12","slug":"marimekko-curtain-jaakukka-147x239cm-heikki-orvola","status":"publish","type":"product","link":"https:\/\/muija.fi\/en\/product\/marimekko-curtain-jaakukka-147x239cm-heikki-orvola\/","title":{"rendered":"Marimekko Curtain J\u00e4\u00e4kukka 147x239cm Heikki Orvola"},"content":{"rendered":"<p>Marimekko Curtain J\u00e4\u00e4kukka 147x239cm Heikki Orvola. Good condition. Thinner cotton sateen. From 1985.<\/p>\n","protected":false},"excerpt":{"rendered":"<p>Marimekko Curtain J\u00e4\u00e4kukka 147x239cm Heikki Orvola<\/p>\n","protected":false},"featured_media":137394,"comment_status":"closed","ping_status":"closed","template":"","meta":{"_et_pb_use_builder":"","_et_pb_old_content":"","_et_gb_content_width":""},"product_brand":[],"product_cat":[318],"product_tag":[],"class_list":{"0":"post-137545","1":"product","2":"type-product","3":"status-publish","4":"has-post-thumbnail","6":"product_cat-curtain","7":"product_shipping_class-pieni-en","8":"pa_brand-marimekko-en-2","9":"pa_designer-heikki-orvola-en","11":"first","12":"instock","13":"taxable","14":"shipping-taxable","15":"purchasable","16":"product-type-simple"},"_links":{"self":[{"href":"https:\/\/muija.fi\/en\/wp-json\/wp\/v2\/product\/137545","targetHints":{"allow":["GET"]}}],"collection":[{"href":"https:\/\/muija.fi\/en\/wp-json\/wp\/v2\/product"}],"about":[{"href":"https:\/\/muija.fi\/en\/wp-json\/wp\/v2\/types\/product"}],"replies":[{"embeddable":true,"href":"https:\/\/muija.fi\/en\/wp-json\/wp\/v2\/comments?post=137545"}],"wp:featuredmedia":[{"embeddable":true,"href":"https:\/\/muija.fi\/en\/wp-json\/wp\/v2\/media\/137394"}],"wp:attachment":[{"href":"https:\/\/muija.fi\/en\/wp-json\/wp\/v2\/media?parent=137545"}],"wp:term":[{"taxonomy":"product_brand","embeddable":true,"href":"https:\/\/muija.fi\/en\/wp-json\/wp\/v2\/product_brand?post=137545"},{"taxonomy":"product_cat","embeddable":true,"href":"https:\/\/muija.fi\/en\/wp-json\/wp\/v2\/product_cat?post=137545"},{"taxonomy":"product_tag","embeddable":true,"href":"https:\/\/muija.fi\/en\/wp-json\/wp\/v2\/product_tag?post=137545"}],"curies":[{"name":"wp","href":"https:\/\/api.w.org\/{rel}","templated":true}]}}