{"id":137575,"date":"2025-12-15T12:40:58","date_gmt":"2025-12-15T09:40:58","guid":{"rendered":"https:\/\/muija.fi\/product\/kukallinen-poytaliina-128x153cm\/"},"modified":"2025-12-15T12:40:58","modified_gmt":"2025-12-15T09:40:58","slug":"kukallinen-poytaliina-128x153cm","status":"publish","type":"product","link":"https:\/\/muija.fi\/en\/product\/kukallinen-poytaliina-128x153cm\/","title":{"rendered":"Kukallinen p\u00f6yt\u00e4liina 128x153cm"},"content":{"rendered":"<p>Kukallinen p\u00f6yt\u00e4liina 128x153cm. Good condition. Mixed fibers.<\/p>\n","protected":false},"excerpt":{"rendered":"<p>Kukallinen p\u00f6yt\u00e4liina 128x153cm<\/p>\n","protected":false},"featured_media":137458,"comment_status":"closed","ping_status":"closed","template":"","meta":{"_et_pb_use_builder":"","_et_pb_old_content":"","_et_gb_content_width":""},"product_brand":[],"product_cat":[396],"product_tag":[],"class_list":{"0":"post-137575","1":"product","2":"type-product","3":"status-publish","4":"has-post-thumbnail","6":"product_cat-tableclothes","8":"first","9":"instock","10":"taxable","11":"shipping-taxable","12":"purchasable","13":"product-type-simple"},"_links":{"self":[{"href":"https:\/\/muija.fi\/en\/wp-json\/wp\/v2\/product\/137575","targetHints":{"allow":["GET"]}}],"collection":[{"href":"https:\/\/muija.fi\/en\/wp-json\/wp\/v2\/product"}],"about":[{"href":"https:\/\/muija.fi\/en\/wp-json\/wp\/v2\/types\/product"}],"replies":[{"embeddable":true,"href":"https:\/\/muija.fi\/en\/wp-json\/wp\/v2\/comments?post=137575"}],"wp:featuredmedia":[{"embeddable":true,"href":"https:\/\/muija.fi\/en\/wp-json\/wp\/v2\/media\/137458"}],"wp:attachment":[{"href":"https:\/\/muija.fi\/en\/wp-json\/wp\/v2\/media?parent=137575"}],"wp:term":[{"taxonomy":"product_brand","embeddable":true,"href":"https:\/\/muija.fi\/en\/wp-json\/wp\/v2\/product_brand?post=137575"},{"taxonomy":"product_cat","embeddable":true,"href":"https:\/\/muija.fi\/en\/wp-json\/wp\/v2\/product_cat?post=137575"},{"taxonomy":"product_tag","embeddable":true,"href":"https:\/\/muija.fi\/en\/wp-json\/wp\/v2\/product_tag?post=137575"}],"curies":[{"name":"wp","href":"https:\/\/api.w.org\/{rel}","templated":true}]}}