{"id":137971,"date":"2025-12-17T16:26:10","date_gmt":"2025-12-17T13:26:10","guid":{"rendered":"https:\/\/muija.fi\/product\/marimekko-fabric-stilla-orangr-144x200cm-bjorn-dahlstrom\/"},"modified":"2025-12-17T16:29:48","modified_gmt":"2025-12-17T13:29:48","slug":"marimekko-fabric-stilla-orangr-144x200cm-bjorn-dahlstrom","status":"publish","type":"product","link":"https:\/\/muija.fi\/en\/product\/marimekko-fabric-stilla-orangr-144x200cm-bjorn-dahlstrom\/","title":{"rendered":"Marimekko Fabric Stilla orange 144x200cm Bj\u00f6rn Dahlstr\u00f6m"},"content":{"rendered":"<p>Marimekko Fabric Stilla orange 144x200cm Bj\u00f6rn Dahlstr\u00f6m. Good condition. Material apparently trevira.<\/p>\n","protected":false},"excerpt":{"rendered":"<p>Marimekko Fabric Stilla orange 144x200cm Bj\u00f6rn Dahlstr\u00f6m<\/p>\n","protected":false},"featured_media":137789,"comment_status":"closed","ping_status":"closed","template":"","meta":{"_et_pb_use_builder":"","_et_pb_old_content":"","_et_gb_content_width":""},"product_brand":[],"product_cat":[317],"product_tag":[],"class_list":{"0":"post-137971","1":"product","2":"type-product","3":"status-publish","4":"has-post-thumbnail","6":"product_cat-fabric","7":"product_shipping_class-pieni-en","9":"first","10":"instock","11":"taxable","12":"shipping-taxable","13":"purchasable","14":"product-type-simple"},"_links":{"self":[{"href":"https:\/\/muija.fi\/en\/wp-json\/wp\/v2\/product\/137971","targetHints":{"allow":["GET"]}}],"collection":[{"href":"https:\/\/muija.fi\/en\/wp-json\/wp\/v2\/product"}],"about":[{"href":"https:\/\/muija.fi\/en\/wp-json\/wp\/v2\/types\/product"}],"replies":[{"embeddable":true,"href":"https:\/\/muija.fi\/en\/wp-json\/wp\/v2\/comments?post=137971"}],"wp:featuredmedia":[{"embeddable":true,"href":"https:\/\/muija.fi\/en\/wp-json\/wp\/v2\/media\/137789"}],"wp:attachment":[{"href":"https:\/\/muija.fi\/en\/wp-json\/wp\/v2\/media?parent=137971"}],"wp:term":[{"taxonomy":"product_brand","embeddable":true,"href":"https:\/\/muija.fi\/en\/wp-json\/wp\/v2\/product_brand?post=137971"},{"taxonomy":"product_cat","embeddable":true,"href":"https:\/\/muija.fi\/en\/wp-json\/wp\/v2\/product_cat?post=137971"},{"taxonomy":"product_tag","embeddable":true,"href":"https:\/\/muija.fi\/en\/wp-json\/wp\/v2\/product_tag?post=137971"}],"curies":[{"name":"wp","href":"https:\/\/api.w.org\/{rel}","templated":true}]}}