{"id":138815,"date":"2026-01-08T13:04:56","date_gmt":"2026-01-08T10:04:56","guid":{"rendered":"https:\/\/muija.fi\/?post_type=product&#038;p=138815"},"modified":"2026-01-08T13:06:56","modified_gmt":"2026-01-08T10:06:56","slug":"helja-bunnymug-student-kopio-2","status":"publish","type":"product","link":"https:\/\/muija.fi\/en\/product\/helja-bunnymug-student-kopio-2\/","title":{"rendered":"Helj\u00e4 Bunnymug Student"},"content":{"rendered":"<p>Arabia Teemamug with Helj\u00e4 Liukko-Sundstr\u00f6m pattern\u00a0 Student.\u00a0 Good condition. From 2003.<\/p>\n","protected":false},"excerpt":{"rendered":"<p>Helj\u00e4 Bunnymug Student<\/p>\n","protected":false},"featured_media":138799,"comment_status":"closed","ping_status":"closed","template":"","meta":{"_et_pb_use_builder":"","_et_pb_old_content":"","_et_gb_content_width":""},"product_brand":[],"product_cat":[382],"product_tag":[],"class_list":{"0":"post-138815","1":"product","2":"type-product","3":"status-publish","4":"has-post-thumbnail","6":"product_cat-coffee-and-tee-cups","7":"product_shipping_class-keskikokoinen-en","8":"pa_brand-arabia-en-2","10":"first","11":"instock","12":"taxable","13":"shipping-taxable","14":"purchasable","15":"product-type-simple"},"_links":{"self":[{"href":"https:\/\/muija.fi\/en\/wp-json\/wp\/v2\/product\/138815","targetHints":{"allow":["GET"]}}],"collection":[{"href":"https:\/\/muija.fi\/en\/wp-json\/wp\/v2\/product"}],"about":[{"href":"https:\/\/muija.fi\/en\/wp-json\/wp\/v2\/types\/product"}],"replies":[{"embeddable":true,"href":"https:\/\/muija.fi\/en\/wp-json\/wp\/v2\/comments?post=138815"}],"wp:featuredmedia":[{"embeddable":true,"href":"https:\/\/muija.fi\/en\/wp-json\/wp\/v2\/media\/138799"}],"wp:attachment":[{"href":"https:\/\/muija.fi\/en\/wp-json\/wp\/v2\/media?parent=138815"}],"wp:term":[{"taxonomy":"product_brand","embeddable":true,"href":"https:\/\/muija.fi\/en\/wp-json\/wp\/v2\/product_brand?post=138815"},{"taxonomy":"product_cat","embeddable":true,"href":"https:\/\/muija.fi\/en\/wp-json\/wp\/v2\/product_cat?post=138815"},{"taxonomy":"product_tag","embeddable":true,"href":"https:\/\/muija.fi\/en\/wp-json\/wp\/v2\/product_tag?post=138815"}],"curies":[{"name":"wp","href":"https:\/\/api.w.org\/{rel}","templated":true}]}}