{"id":139574,"date":"2026-01-26T14:08:59","date_gmt":"2026-01-26T11:08:59","guid":{"rendered":"https:\/\/muija.fi\/product\/marimekko-mug-iltavilli-95cm-miina-akkijyrkka\/"},"modified":"2026-01-26T14:08:59","modified_gmt":"2026-01-26T11:08:59","slug":"marimekko-mug-iltavilli-95cm-miina-akkijyrkka","status":"publish","type":"product","link":"https:\/\/muija.fi\/en\/product\/marimekko-mug-iltavilli-95cm-miina-akkijyrkka\/","title":{"rendered":"Marimekko Mug Iltavilli 9,5cm Miina \u00c4kkijyrkk\u00e4"},"content":{"rendered":"<p>Marimekko Mug Iltavilli 9,5cm Miina \u00c4kkijyrkk\u00e4. Good condition.\u00a0<\/p>\n","protected":false},"excerpt":{"rendered":"<p>Marimekko Mug Iltavilli 9,5cm Miina \u00c4kkijyrkk\u00e4<\/p>\n","protected":false},"featured_media":0,"comment_status":"closed","ping_status":"closed","template":"","meta":{"_et_pb_use_builder":"","_et_pb_old_content":"","_et_gb_content_width":""},"product_brand":[],"product_cat":[382],"product_tag":[],"class_list":{"0":"post-139574","1":"product","2":"type-product","3":"status-publish","5":"product_cat-coffee-and-tee-cups","6":"product_shipping_class-keskikokoinen-en","7":"pa_brand-arabia-en-2","9":"first","10":"outofstock","11":"taxable","12":"shipping-taxable","13":"purchasable","14":"product-type-simple"},"_links":{"self":[{"href":"https:\/\/muija.fi\/en\/wp-json\/wp\/v2\/product\/139574","targetHints":{"allow":["GET"]}}],"collection":[{"href":"https:\/\/muija.fi\/en\/wp-json\/wp\/v2\/product"}],"about":[{"href":"https:\/\/muija.fi\/en\/wp-json\/wp\/v2\/types\/product"}],"replies":[{"embeddable":true,"href":"https:\/\/muija.fi\/en\/wp-json\/wp\/v2\/comments?post=139574"}],"wp:attachment":[{"href":"https:\/\/muija.fi\/en\/wp-json\/wp\/v2\/media?parent=139574"}],"wp:term":[{"taxonomy":"product_brand","embeddable":true,"href":"https:\/\/muija.fi\/en\/wp-json\/wp\/v2\/product_brand?post=139574"},{"taxonomy":"product_cat","embeddable":true,"href":"https:\/\/muija.fi\/en\/wp-json\/wp\/v2\/product_cat?post=139574"},{"taxonomy":"product_tag","embeddable":true,"href":"https:\/\/muija.fi\/en\/wp-json\/wp\/v2\/product_tag?post=139574"}],"curies":[{"name":"wp","href":"https:\/\/api.w.org\/{rel}","templated":true}]}}