{"id":139894,"date":"2026-02-02T17:17:19","date_gmt":"2026-02-02T14:17:19","guid":{"rendered":"https:\/\/muija.fi\/?post_type=product&#038;p=139894"},"modified":"2026-03-12T13:00:43","modified_gmt":"2026-03-12T10:00:43","slug":"helja-bunnymug-student-kopio-4","status":"publish","type":"product","link":"https:\/\/muija.fi\/en\/product\/helja-bunnymug-student-kopio-4\/","title":{"rendered":"Helj\u00e4 Bunnymug Gardening 0,3l"},"content":{"rendered":"<p>Arabia Teemamug with Helj\u00e4 Liukko-Sundstr\u00f6m pattern\u00a0 Gardening.\u00a0 Slight wear. From 2000.<\/p>\n","protected":false},"excerpt":{"rendered":"<p>Helj\u00e4 Bunnymug Gardening<\/p>\n","protected":false},"featured_media":139872,"comment_status":"closed","ping_status":"closed","template":"","meta":{"_et_pb_use_builder":"","_et_pb_old_content":"","_et_gb_content_width":""},"product_brand":[],"product_cat":[382],"product_tag":[],"class_list":{"0":"post-139894","1":"product","2":"type-product","3":"status-publish","4":"has-post-thumbnail","6":"product_cat-coffee-and-tee-cups","7":"product_shipping_class-keskikokoinen-en","8":"pa_brand-arabia-en-2","10":"first","11":"outofstock","12":"taxable","13":"shipping-taxable","14":"purchasable","15":"product-type-simple"},"_links":{"self":[{"href":"https:\/\/muija.fi\/en\/wp-json\/wp\/v2\/product\/139894","targetHints":{"allow":["GET"]}}],"collection":[{"href":"https:\/\/muija.fi\/en\/wp-json\/wp\/v2\/product"}],"about":[{"href":"https:\/\/muija.fi\/en\/wp-json\/wp\/v2\/types\/product"}],"replies":[{"embeddable":true,"href":"https:\/\/muija.fi\/en\/wp-json\/wp\/v2\/comments?post=139894"}],"wp:featuredmedia":[{"embeddable":true,"href":"https:\/\/muija.fi\/en\/wp-json\/wp\/v2\/media\/139872"}],"wp:attachment":[{"href":"https:\/\/muija.fi\/en\/wp-json\/wp\/v2\/media?parent=139894"}],"wp:term":[{"taxonomy":"product_brand","embeddable":true,"href":"https:\/\/muija.fi\/en\/wp-json\/wp\/v2\/product_brand?post=139894"},{"taxonomy":"product_cat","embeddable":true,"href":"https:\/\/muija.fi\/en\/wp-json\/wp\/v2\/product_cat?post=139894"},{"taxonomy":"product_tag","embeddable":true,"href":"https:\/\/muija.fi\/en\/wp-json\/wp\/v2\/product_tag?post=139894"}],"curies":[{"name":"wp","href":"https:\/\/api.w.org\/{rel}","templated":true}]}}