{"id":139904,"date":"2026-02-02T17:23:49","date_gmt":"2026-02-02T14:23:49","guid":{"rendered":"https:\/\/muija.fi\/?post_type=product&#038;p=139904"},"modified":"2026-03-12T13:00:43","modified_gmt":"2026-03-12T10:00:43","slug":"helja-bunnymug-gardening-03l-kopio","status":"publish","type":"product","link":"https:\/\/muija.fi\/en\/product\/helja-bunnymug-gardening-03l-kopio\/","title":{"rendered":"Helj\u00e4 Bunnymug Mother Bunny 0,3l"},"content":{"rendered":"<p>Arabia Teemamug with Helj\u00e4 Liukko-Sundstr\u00f6m pattern\u00a0 Mother Bunny.\u00a0 Slight wear. From 2000.<\/p>\n","protected":false},"excerpt":{"rendered":"<p>Helj\u00e4 Bunnymug Mother Bunny<\/p>\n","protected":false},"featured_media":139892,"comment_status":"closed","ping_status":"closed","template":"","meta":{"_et_pb_use_builder":"","_et_pb_old_content":"","_et_gb_content_width":""},"product_brand":[],"product_cat":[382],"product_tag":[],"class_list":{"0":"post-139904","1":"product","2":"type-product","3":"status-publish","4":"has-post-thumbnail","6":"product_cat-coffee-and-tee-cups","7":"product_shipping_class-keskikokoinen-en","8":"pa_brand-arabia-en-2","10":"first","11":"outofstock","12":"taxable","13":"shipping-taxable","14":"purchasable","15":"product-type-simple"},"_links":{"self":[{"href":"https:\/\/muija.fi\/en\/wp-json\/wp\/v2\/product\/139904","targetHints":{"allow":["GET"]}}],"collection":[{"href":"https:\/\/muija.fi\/en\/wp-json\/wp\/v2\/product"}],"about":[{"href":"https:\/\/muija.fi\/en\/wp-json\/wp\/v2\/types\/product"}],"replies":[{"embeddable":true,"href":"https:\/\/muija.fi\/en\/wp-json\/wp\/v2\/comments?post=139904"}],"wp:featuredmedia":[{"embeddable":true,"href":"https:\/\/muija.fi\/en\/wp-json\/wp\/v2\/media\/139892"}],"wp:attachment":[{"href":"https:\/\/muija.fi\/en\/wp-json\/wp\/v2\/media?parent=139904"}],"wp:term":[{"taxonomy":"product_brand","embeddable":true,"href":"https:\/\/muija.fi\/en\/wp-json\/wp\/v2\/product_brand?post=139904"},{"taxonomy":"product_cat","embeddable":true,"href":"https:\/\/muija.fi\/en\/wp-json\/wp\/v2\/product_cat?post=139904"},{"taxonomy":"product_tag","embeddable":true,"href":"https:\/\/muija.fi\/en\/wp-json\/wp\/v2\/product_tag?post=139904"}],"curies":[{"name":"wp","href":"https:\/\/api.w.org\/{rel}","templated":true}]}}