{"id":140165,"date":"2026-02-10T13:36:00","date_gmt":"2026-02-10T10:36:00","guid":{"rendered":"https:\/\/muija.fi\/product\/rorstrand-sunborn-plate-235cm-pia-ronndahl\/"},"modified":"2026-02-10T13:36:00","modified_gmt":"2026-02-10T10:36:00","slug":"rorstrand-sunborn-plate-235cm-pia-ronndahl","status":"publish","type":"product","link":"https:\/\/muija.fi\/en\/product\/rorstrand-sunborn-plate-235cm-pia-ronndahl\/","title":{"rendered":"R\u00f6rstrand Sunborn Plate 23,5cm Pia R\u00f6nndahl"},"content":{"rendered":"<p>R\u00f6rstrand Sunborn Plate 23,5cm Pia R\u00f6nndahl. Good as new.<\/p>\n","protected":false},"excerpt":{"rendered":"<p>R\u00f6rstrand Sunborn Plate 23,5cm Pia R\u00f6nndahl<\/p>\n","protected":false},"featured_media":140159,"comment_status":"closed","ping_status":"closed","template":"","meta":{"_et_pb_use_builder":"","_et_pb_old_content":"","_et_gb_content_width":""},"product_brand":[],"product_cat":[383],"product_tag":[],"class_list":{"0":"post-140165","1":"product","2":"type-product","3":"status-publish","4":"has-post-thumbnail","6":"product_cat-plates","7":"product_shipping_class-keskikokoinen-en","8":"pa_brand-rorstrand-en","10":"first","11":"instock","12":"taxable","13":"shipping-taxable","14":"purchasable","15":"product-type-simple"},"_links":{"self":[{"href":"https:\/\/muija.fi\/en\/wp-json\/wp\/v2\/product\/140165","targetHints":{"allow":["GET"]}}],"collection":[{"href":"https:\/\/muija.fi\/en\/wp-json\/wp\/v2\/product"}],"about":[{"href":"https:\/\/muija.fi\/en\/wp-json\/wp\/v2\/types\/product"}],"replies":[{"embeddable":true,"href":"https:\/\/muija.fi\/en\/wp-json\/wp\/v2\/comments?post=140165"}],"wp:featuredmedia":[{"embeddable":true,"href":"https:\/\/muija.fi\/en\/wp-json\/wp\/v2\/media\/140159"}],"wp:attachment":[{"href":"https:\/\/muija.fi\/en\/wp-json\/wp\/v2\/media?parent=140165"}],"wp:term":[{"taxonomy":"product_brand","embeddable":true,"href":"https:\/\/muija.fi\/en\/wp-json\/wp\/v2\/product_brand?post=140165"},{"taxonomy":"product_cat","embeddable":true,"href":"https:\/\/muija.fi\/en\/wp-json\/wp\/v2\/product_cat?post=140165"},{"taxonomy":"product_tag","embeddable":true,"href":"https:\/\/muija.fi\/en\/wp-json\/wp\/v2\/product_tag?post=140165"}],"curies":[{"name":"wp","href":"https:\/\/api.w.org\/{rel}","templated":true}]}}