{"id":140217,"date":"2026-02-10T15:42:23","date_gmt":"2026-02-10T12:42:23","guid":{"rendered":"https:\/\/muija.fi\/?post_type=product&#038;p=140217"},"modified":"2026-02-10T15:45:45","modified_gmt":"2026-02-10T12:45:45","slug":"arabia-mug-lempea-hymy-kopio","status":"publish","type":"product","link":"https:\/\/muija.fi\/en\/product\/arabia-mug-lempea-hymy-kopio\/","title":{"rendered":"Arabia mug Hupsista Helj\u00e4 Liukko-Sundstr\u00f6m 3dl"},"content":{"rendered":"<p>Arabia Teema model mug and pattern Hupsista by Helj\u00e4 Liukko-Sundstr\u00f6m. Mug is in good condition.<\/p>\n","protected":false},"excerpt":{"rendered":"<p>Helj\u00e4 Liukko-Sundstr\u00f6m mug Hupsista<\/p>\n","protected":false},"featured_media":140199,"comment_status":"closed","ping_status":"closed","template":"","meta":{"_et_pb_use_builder":"","_et_pb_old_content":"","_et_gb_content_width":""},"product_brand":[],"product_cat":[382],"product_tag":[],"class_list":{"0":"post-140217","1":"product","2":"type-product","3":"status-publish","4":"has-post-thumbnail","6":"product_cat-coffee-and-tee-cups","7":"pa_brand-arabia-en-2","9":"first","10":"instock","11":"taxable","12":"shipping-taxable","13":"purchasable","14":"product-type-simple"},"_links":{"self":[{"href":"https:\/\/muija.fi\/en\/wp-json\/wp\/v2\/product\/140217","targetHints":{"allow":["GET"]}}],"collection":[{"href":"https:\/\/muija.fi\/en\/wp-json\/wp\/v2\/product"}],"about":[{"href":"https:\/\/muija.fi\/en\/wp-json\/wp\/v2\/types\/product"}],"replies":[{"embeddable":true,"href":"https:\/\/muija.fi\/en\/wp-json\/wp\/v2\/comments?post=140217"}],"wp:featuredmedia":[{"embeddable":true,"href":"https:\/\/muija.fi\/en\/wp-json\/wp\/v2\/media\/140199"}],"wp:attachment":[{"href":"https:\/\/muija.fi\/en\/wp-json\/wp\/v2\/media?parent=140217"}],"wp:term":[{"taxonomy":"product_brand","embeddable":true,"href":"https:\/\/muija.fi\/en\/wp-json\/wp\/v2\/product_brand?post=140217"},{"taxonomy":"product_cat","embeddable":true,"href":"https:\/\/muija.fi\/en\/wp-json\/wp\/v2\/product_cat?post=140217"},{"taxonomy":"product_tag","embeddable":true,"href":"https:\/\/muija.fi\/en\/wp-json\/wp\/v2\/product_tag?post=140217"}],"curies":[{"name":"wp","href":"https:\/\/api.w.org\/{rel}","templated":true}]}}