{"id":140244,"date":"2026-02-11T12:16:15","date_gmt":"2026-02-11T09:16:15","guid":{"rendered":"https:\/\/muija.fi\/?post_type=product&#038;p=140244"},"modified":"2026-02-11T12:19:11","modified_gmt":"2026-02-11T09:19:11","slug":"nuutajarvi-apila-serving-dish-255cm-kopio","status":"publish","type":"product","link":"https:\/\/muija.fi\/en\/product\/nuutajarvi-apila-serving-dish-255cm-kopio\/","title":{"rendered":"Nuutaj\u00e4rvi Apila Serving Dish 20,5cm"},"content":{"rendered":"<p>Nuutaj\u00e4rvi Apila Serving Dish 20,5cm. Little wear. Text Notsj\u00f6.\u00a0 Hight 17cm.<\/p>\n","protected":false},"excerpt":{"rendered":"<p>Nuutaj\u00e4rvi Apila Serving Dish 20,5cm<\/p>\n","protected":false},"featured_media":140232,"comment_status":"closed","ping_status":"closed","template":"","meta":{"_et_pb_use_builder":"","_et_pb_old_content":"","_et_gb_content_width":""},"product_brand":[],"product_cat":[383,385],"product_tag":[],"class_list":{"0":"post-140244","1":"product","2":"type-product","3":"status-publish","4":"has-post-thumbnail","6":"product_cat-plates","7":"product_cat-other-dishware","8":"product_shipping_class-keskikokoinen-en","9":"pa_brand-nuutajarvi-en","11":"first","12":"instock","13":"taxable","14":"shipping-taxable","15":"purchasable","16":"product-type-simple"},"_links":{"self":[{"href":"https:\/\/muija.fi\/en\/wp-json\/wp\/v2\/product\/140244","targetHints":{"allow":["GET"]}}],"collection":[{"href":"https:\/\/muija.fi\/en\/wp-json\/wp\/v2\/product"}],"about":[{"href":"https:\/\/muija.fi\/en\/wp-json\/wp\/v2\/types\/product"}],"replies":[{"embeddable":true,"href":"https:\/\/muija.fi\/en\/wp-json\/wp\/v2\/comments?post=140244"}],"wp:featuredmedia":[{"embeddable":true,"href":"https:\/\/muija.fi\/en\/wp-json\/wp\/v2\/media\/140232"}],"wp:attachment":[{"href":"https:\/\/muija.fi\/en\/wp-json\/wp\/v2\/media?parent=140244"}],"wp:term":[{"taxonomy":"product_brand","embeddable":true,"href":"https:\/\/muija.fi\/en\/wp-json\/wp\/v2\/product_brand?post=140244"},{"taxonomy":"product_cat","embeddable":true,"href":"https:\/\/muija.fi\/en\/wp-json\/wp\/v2\/product_cat?post=140244"},{"taxonomy":"product_tag","embeddable":true,"href":"https:\/\/muija.fi\/en\/wp-json\/wp\/v2\/product_tag?post=140244"}],"curies":[{"name":"wp","href":"https:\/\/api.w.org\/{rel}","templated":true}]}}