{"id":142711,"date":"2026-05-15T10:12:06","date_gmt":"2026-05-15T07:12:06","guid":{"rendered":"https:\/\/muija.fi\/?post_type=product&#038;p=142711"},"modified":"2026-05-15T10:14:37","modified_gmt":"2026-05-15T07:14:37","slug":"marimekko-fabric-kevatjuhla-orange-145x270cm-miina-akkijyrkka-kopio","status":"publish","type":"product","link":"https:\/\/muija.fi\/en\/product\/marimekko-fabric-kevatjuhla-orange-145x270cm-miina-akkijyrkka-kopio\/","title":{"rendered":"Marimekko Fabric Kev\u00e4tjuhla green 145x260cm Miina \u00c4kkijyrkk\u00e4 (Kopio)"},"content":{"rendered":"<p>Marimekko Fabric Kev\u00e4tjuhla green 145x260cm Miina \u00c4kkijyrkk\u00e4. Unused fabric. Cotton.<\/p>\n","protected":false},"excerpt":{"rendered":"<p>Marimekko Fabric Kev\u00e4tjuhla green 145x260cm Miina \u00c4kkijyrkk\u00e4<\/p>\n","protected":false},"featured_media":142677,"comment_status":"closed","ping_status":"closed","template":"","meta":{"_et_pb_use_builder":"","_et_pb_old_content":"","_et_gb_content_width":""},"product_brand":[],"product_cat":[317],"product_tag":[],"class_list":{"0":"post-142711","1":"product","2":"type-product","3":"status-publish","4":"has-post-thumbnail","6":"product_cat-fabric","7":"product_shipping_class-pieni-en","8":"pa_brand-marimekko-en-2","10":"first","11":"instock","12":"taxable","13":"shipping-taxable","14":"purchasable","15":"product-type-simple"},"_links":{"self":[{"href":"https:\/\/muija.fi\/en\/wp-json\/wp\/v2\/product\/142711","targetHints":{"allow":["GET"]}}],"collection":[{"href":"https:\/\/muija.fi\/en\/wp-json\/wp\/v2\/product"}],"about":[{"href":"https:\/\/muija.fi\/en\/wp-json\/wp\/v2\/types\/product"}],"replies":[{"embeddable":true,"href":"https:\/\/muija.fi\/en\/wp-json\/wp\/v2\/comments?post=142711"}],"wp:featuredmedia":[{"embeddable":true,"href":"https:\/\/muija.fi\/en\/wp-json\/wp\/v2\/media\/142677"}],"wp:attachment":[{"href":"https:\/\/muija.fi\/en\/wp-json\/wp\/v2\/media?parent=142711"}],"wp:term":[{"taxonomy":"product_brand","embeddable":true,"href":"https:\/\/muija.fi\/en\/wp-json\/wp\/v2\/product_brand?post=142711"},{"taxonomy":"product_cat","embeddable":true,"href":"https:\/\/muija.fi\/en\/wp-json\/wp\/v2\/product_cat?post=142711"},{"taxonomy":"product_tag","embeddable":true,"href":"https:\/\/muija.fi\/en\/wp-json\/wp\/v2\/product_tag?post=142711"}],"curies":[{"name":"wp","href":"https:\/\/api.w.org\/{rel}","templated":true}]}}