{"id":36641,"date":"2018-04-23T19:24:40","date_gmt":"2018-04-23T16:24:40","guid":{"rendered":"https:\/\/muija.fi\/?post_type=product&#038;p=36641"},"modified":"2019-06-07T10:07:10","modified_gmt":"2019-06-07T07:07:10","slug":"arabia-helja-wallplate-ruusupuu-kopio","status":"publish","type":"product","link":"https:\/\/muija.fi\/en\/product\/arabia-helja-wallplate-ruusupuu-kopio\/","title":{"rendered":"Arabia Helj\u00e4 wallplate Sateenvarjokukat"},"content":{"rendered":"<p>Arabia Helj\u00e4 Liukko-Sundstr\u00f6m wallplate Sateenvarjokukat from 1991. In good condition. Hight 23cm.<\/p>\n","protected":false},"excerpt":{"rendered":"<p>Arabia wallplate Sateenvarjokukat<\/p>\n","protected":false},"featured_media":36647,"comment_status":"closed","ping_status":"closed","template":"","meta":{"_et_pb_use_builder":"","_et_pb_old_content":"","_et_gb_content_width":""},"product_brand":[],"product_cat":[392],"product_tag":[],"class_list":{"0":"post-36641","1":"product","2":"type-product","3":"status-publish","4":"has-post-thumbnail","6":"product_cat-other","7":"product_shipping_class-pieni-en","8":"pa_brand-arabia-en-2","10":"first","11":"instock","12":"sale","13":"taxable","14":"shipping-taxable","15":"purchasable","16":"product-type-simple"},"_links":{"self":[{"href":"https:\/\/muija.fi\/en\/wp-json\/wp\/v2\/product\/36641","targetHints":{"allow":["GET"]}}],"collection":[{"href":"https:\/\/muija.fi\/en\/wp-json\/wp\/v2\/product"}],"about":[{"href":"https:\/\/muija.fi\/en\/wp-json\/wp\/v2\/types\/product"}],"replies":[{"embeddable":true,"href":"https:\/\/muija.fi\/en\/wp-json\/wp\/v2\/comments?post=36641"}],"wp:featuredmedia":[{"embeddable":true,"href":"https:\/\/muija.fi\/en\/wp-json\/wp\/v2\/media\/36647"}],"wp:attachment":[{"href":"https:\/\/muija.fi\/en\/wp-json\/wp\/v2\/media?parent=36641"}],"wp:term":[{"taxonomy":"product_brand","embeddable":true,"href":"https:\/\/muija.fi\/en\/wp-json\/wp\/v2\/product_brand?post=36641"},{"taxonomy":"product_cat","embeddable":true,"href":"https:\/\/muija.fi\/en\/wp-json\/wp\/v2\/product_cat?post=36641"},{"taxonomy":"product_tag","embeddable":true,"href":"https:\/\/muija.fi\/en\/wp-json\/wp\/v2\/product_tag?post=36641"}],"curies":[{"name":"wp","href":"https:\/\/api.w.org\/{rel}","templated":true}]}}