{"id":36685,"date":"2018-04-23T20:12:33","date_gmt":"2018-04-23T17:12:34","guid":{"rendered":"https:\/\/muija.fi\/?post_type=product&#038;p=36685"},"modified":"2024-07-08T17:01:10","modified_gmt":"2024-07-08T14:01:10","slug":"arabia-helja-wallplate-ruusupuu-kopio-kopio-kopio-kopio-kopio-kopio-kopio","status":"publish","type":"product","link":"https:\/\/muija.fi\/en\/product\/arabia-helja-wallplate-ruusupuu-kopio-kopio-kopio-kopio-kopio-kopio-kopio\/","title":{"rendered":"Arabia Helj\u00e4 wallplate Boat in the morning sun"},"content":{"rendered":"<p>Arabia Helj\u00e4 Liukko-Sundstr\u00f6m wallplate Boat in the morning sun from 1984. In good condition. Size 12x12cm..<\/p>\n","protected":false},"excerpt":{"rendered":"<p>Arabia wallplate Boat in the morning sun<\/p>\n","protected":false},"featured_media":36680,"comment_status":"closed","ping_status":"closed","template":"","meta":{"_et_pb_use_builder":"","_et_pb_old_content":"","_et_gb_content_width":""},"product_brand":[],"product_cat":[392],"product_tag":[],"class_list":{"0":"post-36685","1":"product","2":"type-product","3":"status-publish","4":"has-post-thumbnail","6":"product_cat-other","7":"product_shipping_class-pieni-en","8":"pa_brand-arabia-en-2","10":"first","11":"instock","12":"taxable","13":"shipping-taxable","14":"purchasable","15":"product-type-simple"},"_links":{"self":[{"href":"https:\/\/muija.fi\/en\/wp-json\/wp\/v2\/product\/36685","targetHints":{"allow":["GET"]}}],"collection":[{"href":"https:\/\/muija.fi\/en\/wp-json\/wp\/v2\/product"}],"about":[{"href":"https:\/\/muija.fi\/en\/wp-json\/wp\/v2\/types\/product"}],"replies":[{"embeddable":true,"href":"https:\/\/muija.fi\/en\/wp-json\/wp\/v2\/comments?post=36685"}],"wp:featuredmedia":[{"embeddable":true,"href":"https:\/\/muija.fi\/en\/wp-json\/wp\/v2\/media\/36680"}],"wp:attachment":[{"href":"https:\/\/muija.fi\/en\/wp-json\/wp\/v2\/media?parent=36685"}],"wp:term":[{"taxonomy":"product_brand","embeddable":true,"href":"https:\/\/muija.fi\/en\/wp-json\/wp\/v2\/product_brand?post=36685"},{"taxonomy":"product_cat","embeddable":true,"href":"https:\/\/muija.fi\/en\/wp-json\/wp\/v2\/product_cat?post=36685"},{"taxonomy":"product_tag","embeddable":true,"href":"https:\/\/muija.fi\/en\/wp-json\/wp\/v2\/product_tag?post=36685"}],"curies":[{"name":"wp","href":"https:\/\/api.w.org\/{rel}","templated":true}]}}