{"id":36764,"date":"2018-04-28T09:45:02","date_gmt":"2018-04-28T06:45:02","guid":{"rendered":"https:\/\/muija.fi\/?post_type=product&#038;p=36764"},"modified":"2018-04-28T09:48:20","modified_gmt":"2018-04-28T06:48:20","slug":"arabia-helja-wallplate-onnitellen-kopio","status":"publish","type":"product","link":"https:\/\/muija.fi\/en\/product\/arabia-helja-wallplate-onnitellen-kopio\/","title":{"rendered":"Arabia Helj\u00e4 wallplate T\u00e4ysin syd\u00e4min"},"content":{"rendered":"<p>Arabia Helj\u00e4 Liukko-Sundstr\u00f6m wallplate T\u00e4ysin syd\u00e4min 2002. In good condition. Size 11x16cm.<\/p>\n","protected":false},"excerpt":{"rendered":"<p>Arabia wallplate T\u00e4ysin syd\u00e4min<\/p>\n","protected":false},"featured_media":36766,"comment_status":"closed","ping_status":"closed","template":"","meta":{"_et_pb_use_builder":"","_et_pb_old_content":"","_et_gb_content_width":""},"product_brand":[],"product_cat":[392],"product_tag":[],"class_list":{"0":"post-36764","1":"product","2":"type-product","3":"status-publish","4":"has-post-thumbnail","6":"product_cat-other","7":"product_shipping_class-pieni-en","8":"pa_brand-arabia-en-2","10":"first","11":"instock","12":"taxable","13":"shipping-taxable","14":"purchasable","15":"product-type-simple"},"_links":{"self":[{"href":"https:\/\/muija.fi\/en\/wp-json\/wp\/v2\/product\/36764","targetHints":{"allow":["GET"]}}],"collection":[{"href":"https:\/\/muija.fi\/en\/wp-json\/wp\/v2\/product"}],"about":[{"href":"https:\/\/muija.fi\/en\/wp-json\/wp\/v2\/types\/product"}],"replies":[{"embeddable":true,"href":"https:\/\/muija.fi\/en\/wp-json\/wp\/v2\/comments?post=36764"}],"wp:featuredmedia":[{"embeddable":true,"href":"https:\/\/muija.fi\/en\/wp-json\/wp\/v2\/media\/36766"}],"wp:attachment":[{"href":"https:\/\/muija.fi\/en\/wp-json\/wp\/v2\/media?parent=36764"}],"wp:term":[{"taxonomy":"product_brand","embeddable":true,"href":"https:\/\/muija.fi\/en\/wp-json\/wp\/v2\/product_brand?post=36764"},{"taxonomy":"product_cat","embeddable":true,"href":"https:\/\/muija.fi\/en\/wp-json\/wp\/v2\/product_cat?post=36764"},{"taxonomy":"product_tag","embeddable":true,"href":"https:\/\/muija.fi\/en\/wp-json\/wp\/v2\/product_tag?post=36764"}],"curies":[{"name":"wp","href":"https:\/\/api.w.org\/{rel}","templated":true}]}}