{"id":38676,"date":"2018-09-23T19:00:33","date_gmt":"2018-09-23T16:00:33","guid":{"rendered":"https:\/\/muija.fi\/?post_type=product&#038;p=38676"},"modified":"2018-09-23T19:03:07","modified_gmt":"2018-09-23T16:03:07","slug":"arabia-helja-wallplate-kukka-ja-omena-kopio","status":"publish","type":"product","link":"https:\/\/muija.fi\/en\/product\/arabia-helja-wallplate-kukka-ja-omena-kopio\/","title":{"rendered":"Arabia Helj\u00e4 wallplate Hedelmi\u00e4"},"content":{"rendered":"<p>Arabia wallplate by Helj\u00e4 Liukko-Sundstr\u00f6m. Name Hedelmi\u00e4 from\u00a0 1987. Size 16,5x28cm. In good condition.<\/p>\n","protected":false},"excerpt":{"rendered":"<p>Hedelmi\u00e4 wallplate<\/p>\n","protected":false},"featured_media":38678,"comment_status":"closed","ping_status":"closed","template":"","meta":{"_et_pb_use_builder":"","_et_pb_old_content":"","_et_gb_content_width":""},"product_brand":[],"product_cat":[392],"product_tag":[],"class_list":{"0":"post-38676","1":"product","2":"type-product","3":"status-publish","4":"has-post-thumbnail","6":"product_cat-other","7":"product_shipping_class-pieni-en","8":"pa_brand-arabia-en-2","10":"first","11":"instock","12":"taxable","13":"shipping-taxable","14":"purchasable","15":"product-type-simple"},"_links":{"self":[{"href":"https:\/\/muija.fi\/en\/wp-json\/wp\/v2\/product\/38676","targetHints":{"allow":["GET"]}}],"collection":[{"href":"https:\/\/muija.fi\/en\/wp-json\/wp\/v2\/product"}],"about":[{"href":"https:\/\/muija.fi\/en\/wp-json\/wp\/v2\/types\/product"}],"replies":[{"embeddable":true,"href":"https:\/\/muija.fi\/en\/wp-json\/wp\/v2\/comments?post=38676"}],"wp:featuredmedia":[{"embeddable":true,"href":"https:\/\/muija.fi\/en\/wp-json\/wp\/v2\/media\/38678"}],"wp:attachment":[{"href":"https:\/\/muija.fi\/en\/wp-json\/wp\/v2\/media?parent=38676"}],"wp:term":[{"taxonomy":"product_brand","embeddable":true,"href":"https:\/\/muija.fi\/en\/wp-json\/wp\/v2\/product_brand?post=38676"},{"taxonomy":"product_cat","embeddable":true,"href":"https:\/\/muija.fi\/en\/wp-json\/wp\/v2\/product_cat?post=38676"},{"taxonomy":"product_tag","embeddable":true,"href":"https:\/\/muija.fi\/en\/wp-json\/wp\/v2\/product_tag?post=38676"}],"curies":[{"name":"wp","href":"https:\/\/api.w.org\/{rel}","templated":true}]}}