{"id":38824,"date":"2018-10-06T17:18:10","date_gmt":"2018-10-06T14:18:10","guid":{"rendered":"https:\/\/muija.fi\/?post_type=product&#038;p=38824"},"modified":"2018-10-06T17:22:02","modified_gmt":"2018-10-06T14:22:02","slug":"arabia-helja-wallplate-pienet-tulppaanit-kopio-2","status":"publish","type":"product","link":"https:\/\/muija.fi\/en\/product\/arabia-helja-wallplate-pienet-tulppaanit-kopio-2\/","title":{"rendered":"Arabia Helj\u00e4 wallplate Uuteen kotiin"},"content":{"rendered":"<p>Arabia Helj\u00e4 Liukko-Sundstr\u00f6m wallplate Uuteen kotiin 2008. In good condition. Size 11x16cm. Made specially for VVO.<\/p>\n","protected":false},"excerpt":{"rendered":"<p>Arabia wallplate\u00a0Iloa asumiseen<\/p>\n","protected":false},"featured_media":38826,"comment_status":"closed","ping_status":"closed","template":"","meta":{"_et_pb_use_builder":"","_et_pb_old_content":"","_et_gb_content_width":""},"product_brand":[],"product_cat":[392],"product_tag":[],"class_list":{"0":"post-38824","1":"product","2":"type-product","3":"status-publish","4":"has-post-thumbnail","6":"product_cat-other","7":"product_shipping_class-pieni-en","8":"pa_brand-arabia-en-2","10":"first","11":"instock","12":"taxable","13":"shipping-taxable","14":"purchasable","15":"product-type-simple"},"_links":{"self":[{"href":"https:\/\/muija.fi\/en\/wp-json\/wp\/v2\/product\/38824","targetHints":{"allow":["GET"]}}],"collection":[{"href":"https:\/\/muija.fi\/en\/wp-json\/wp\/v2\/product"}],"about":[{"href":"https:\/\/muija.fi\/en\/wp-json\/wp\/v2\/types\/product"}],"replies":[{"embeddable":true,"href":"https:\/\/muija.fi\/en\/wp-json\/wp\/v2\/comments?post=38824"}],"wp:featuredmedia":[{"embeddable":true,"href":"https:\/\/muija.fi\/en\/wp-json\/wp\/v2\/media\/38826"}],"wp:attachment":[{"href":"https:\/\/muija.fi\/en\/wp-json\/wp\/v2\/media?parent=38824"}],"wp:term":[{"taxonomy":"product_brand","embeddable":true,"href":"https:\/\/muija.fi\/en\/wp-json\/wp\/v2\/product_brand?post=38824"},{"taxonomy":"product_cat","embeddable":true,"href":"https:\/\/muija.fi\/en\/wp-json\/wp\/v2\/product_cat?post=38824"},{"taxonomy":"product_tag","embeddable":true,"href":"https:\/\/muija.fi\/en\/wp-json\/wp\/v2\/product_tag?post=38824"}],"curies":[{"name":"wp","href":"https:\/\/api.w.org\/{rel}","templated":true}]}}