{"id":39887,"date":"2019-01-12T09:57:42","date_gmt":"2019-01-12T06:57:43","guid":{"rendered":"https:\/\/muija.fi\/?post_type=product&#038;p=39887"},"modified":"2019-01-12T10:01:23","modified_gmt":"2019-01-12T07:01:23","slug":"helja-wallplate-together-over-a-blue-river-kopio","status":"publish","type":"product","link":"https:\/\/muija.fi\/en\/product\/helja-wallplate-together-over-a-blue-river-kopio\/","title":{"rendered":"Helj\u00e4 wallplate Gate"},"content":{"rendered":"<p>Arabia Helj\u00e4 Liukko-Sundstr\u00f6m wallplate Gate from 1980. In good condition. Size 12x12cm.<\/p>\n","protected":false},"excerpt":{"rendered":"<p>Arabia wallplate Portti<\/p>\n<p>&nbsp;<\/p>\n","protected":false},"featured_media":126619,"comment_status":"closed","ping_status":"closed","template":"","meta":{"_et_pb_use_builder":"","_et_pb_old_content":"","_et_gb_content_width":""},"product_brand":[],"product_cat":[392],"product_tag":[],"class_list":{"0":"post-39887","1":"product","2":"type-product","3":"status-publish","4":"has-post-thumbnail","6":"product_cat-other","7":"product_shipping_class-pieni-en","8":"pa_brand-arabia-en-2","10":"first","11":"instock","12":"taxable","13":"shipping-taxable","14":"purchasable","15":"product-type-simple"},"_links":{"self":[{"href":"https:\/\/muija.fi\/en\/wp-json\/wp\/v2\/product\/39887","targetHints":{"allow":["GET"]}}],"collection":[{"href":"https:\/\/muija.fi\/en\/wp-json\/wp\/v2\/product"}],"about":[{"href":"https:\/\/muija.fi\/en\/wp-json\/wp\/v2\/types\/product"}],"replies":[{"embeddable":true,"href":"https:\/\/muija.fi\/en\/wp-json\/wp\/v2\/comments?post=39887"}],"wp:featuredmedia":[{"embeddable":true,"href":"https:\/\/muija.fi\/en\/wp-json\/wp\/v2\/media\/126619"}],"wp:attachment":[{"href":"https:\/\/muija.fi\/en\/wp-json\/wp\/v2\/media?parent=39887"}],"wp:term":[{"taxonomy":"product_brand","embeddable":true,"href":"https:\/\/muija.fi\/en\/wp-json\/wp\/v2\/product_brand?post=39887"},{"taxonomy":"product_cat","embeddable":true,"href":"https:\/\/muija.fi\/en\/wp-json\/wp\/v2\/product_cat?post=39887"},{"taxonomy":"product_tag","embeddable":true,"href":"https:\/\/muija.fi\/en\/wp-json\/wp\/v2\/product_tag?post=39887"}],"curies":[{"name":"wp","href":"https:\/\/api.w.org\/{rel}","templated":true}]}}