{"id":41927,"date":"2019-05-27T22:06:59","date_gmt":"2019-05-27T19:06:59","guid":{"rendered":"https:\/\/muija.fi\/product\/arabia-helja-bunny-mug-dansing-tanssiinkutsu\/"},"modified":"2023-04-25T12:04:25","modified_gmt":"2023-04-25T09:04:25","slug":"arabia-helja-bunny-mug-dansing-tanssiinkutsu","status":"publish","type":"product","link":"https:\/\/muija.fi\/en\/product\/arabia-helja-bunny-mug-dansing-tanssiinkutsu\/","title":{"rendered":"Arabia Helj\u00e4 Bunny mug Dansing (Tanssiinkutsu)"},"content":{"rendered":"<p>Arabia Helj\u00e4 Liukko-Sundstr\u00f6m bunny mug Dansing from 2008. Good condition. Model Teema.<\/p>\n","protected":false},"excerpt":{"rendered":"<p>Arabia Helj\u00e4 Bunny mug Dansing<\/p>\n","protected":false},"featured_media":41853,"comment_status":"closed","ping_status":"closed","template":"","meta":{"_et_pb_use_builder":"","_et_pb_old_content":"","_et_gb_content_width":""},"product_brand":[],"product_cat":[382],"product_tag":[],"class_list":{"0":"post-41927","1":"product","2":"type-product","3":"status-publish","4":"has-post-thumbnail","6":"product_cat-coffee-and-tee-cups","7":"product_shipping_class-keskikokoinen-en","8":"pa_brand-arabia-en-2","10":"first","11":"instock","12":"taxable","13":"shipping-taxable","14":"purchasable","15":"product-type-simple"},"_links":{"self":[{"href":"https:\/\/muija.fi\/en\/wp-json\/wp\/v2\/product\/41927","targetHints":{"allow":["GET"]}}],"collection":[{"href":"https:\/\/muija.fi\/en\/wp-json\/wp\/v2\/product"}],"about":[{"href":"https:\/\/muija.fi\/en\/wp-json\/wp\/v2\/types\/product"}],"replies":[{"embeddable":true,"href":"https:\/\/muija.fi\/en\/wp-json\/wp\/v2\/comments?post=41927"}],"wp:featuredmedia":[{"embeddable":true,"href":"https:\/\/muija.fi\/en\/wp-json\/wp\/v2\/media\/41853"}],"wp:attachment":[{"href":"https:\/\/muija.fi\/en\/wp-json\/wp\/v2\/media?parent=41927"}],"wp:term":[{"taxonomy":"product_brand","embeddable":true,"href":"https:\/\/muija.fi\/en\/wp-json\/wp\/v2\/product_brand?post=41927"},{"taxonomy":"product_cat","embeddable":true,"href":"https:\/\/muija.fi\/en\/wp-json\/wp\/v2\/product_cat?post=41927"},{"taxonomy":"product_tag","embeddable":true,"href":"https:\/\/muija.fi\/en\/wp-json\/wp\/v2\/product_tag?post=41927"}],"curies":[{"name":"wp","href":"https:\/\/api.w.org\/{rel}","templated":true}]}}