{"id":41928,"date":"2019-05-27T22:04:11","date_gmt":"2019-05-27T19:04:11","guid":{"rendered":"https:\/\/muija.fi\/product\/helja-bunny-mug-nordic-walking-suomalaiset-sauvakavelijat\/"},"modified":"2020-09-07T15:59:21","modified_gmt":"2020-09-07T12:59:21","slug":"helja-bunny-mug-nordic-walking-suomalaiset-sauvakavelijat","status":"publish","type":"product","link":"https:\/\/muija.fi\/en\/product\/helja-bunny-mug-nordic-walking-suomalaiset-sauvakavelijat\/","title":{"rendered":"Helj\u00e4 Bunny mug Nordic Walking (Suomalaiset sauvak\u00e4velij\u00e4t)"},"content":{"rendered":"<p>Arabia Helj\u00e4 Liukko-Sundstr\u00f6m bunny mug<\/p>\n<p>Nordic Walking from 2009-2011. Good condition, model Teema.<\/p>\n","protected":false},"excerpt":{"rendered":"<p>Helj\u00e4 Bunny mug Nordic Walking<\/p>\n","protected":false},"featured_media":41842,"comment_status":"closed","ping_status":"closed","template":"","meta":{"_et_pb_use_builder":"","_et_pb_old_content":"","_et_gb_content_width":""},"product_brand":[],"product_cat":[382],"product_tag":[],"class_list":{"0":"post-41928","1":"product","2":"type-product","3":"status-publish","4":"has-post-thumbnail","6":"product_cat-coffee-and-tee-cups","7":"product_shipping_class-keskikokoinen-en","8":"pa_brand-arabia-en-2","10":"first","11":"instock","12":"taxable","13":"shipping-taxable","14":"purchasable","15":"product-type-simple"},"_links":{"self":[{"href":"https:\/\/muija.fi\/en\/wp-json\/wp\/v2\/product\/41928","targetHints":{"allow":["GET"]}}],"collection":[{"href":"https:\/\/muija.fi\/en\/wp-json\/wp\/v2\/product"}],"about":[{"href":"https:\/\/muija.fi\/en\/wp-json\/wp\/v2\/types\/product"}],"replies":[{"embeddable":true,"href":"https:\/\/muija.fi\/en\/wp-json\/wp\/v2\/comments?post=41928"}],"wp:featuredmedia":[{"embeddable":true,"href":"https:\/\/muija.fi\/en\/wp-json\/wp\/v2\/media\/41842"}],"wp:attachment":[{"href":"https:\/\/muija.fi\/en\/wp-json\/wp\/v2\/media?parent=41928"}],"wp:term":[{"taxonomy":"product_brand","embeddable":true,"href":"https:\/\/muija.fi\/en\/wp-json\/wp\/v2\/product_brand?post=41928"},{"taxonomy":"product_cat","embeddable":true,"href":"https:\/\/muija.fi\/en\/wp-json\/wp\/v2\/product_cat?post=41928"},{"taxonomy":"product_tag","embeddable":true,"href":"https:\/\/muija.fi\/en\/wp-json\/wp\/v2\/product_tag?post=41928"}],"curies":[{"name":"wp","href":"https:\/\/api.w.org\/{rel}","templated":true}]}}