{"id":44338,"date":"2020-04-22T09:32:55","date_gmt":"2020-04-22T06:32:55","guid":{"rendered":"https:\/\/muija.fi\/?post_type=product&#038;p=44338"},"modified":"2020-04-22T09:37:07","modified_gmt":"2020-04-22T06:37:07","slug":"arabia-helja-wallplate-heraava-aamu","status":"publish","type":"product","link":"https:\/\/muija.fi\/en\/product\/arabia-helja-wallplate-heraava-aamu\/","title":{"rendered":"Arabia Helj\u00e4 wallplate Her\u00e4\u00e4v\u00e4 aamu"},"content":{"rendered":"<p>Arabia wallplate by Helj\u00e4 Liukko-Sundstr\u00f6m. Name Her\u00e4\u00e4v\u00e4 aamu. Size 20,5&#215;25,5cm In good condition.<\/p>\n","protected":false},"excerpt":{"rendered":"<p>Her\u00e4\u00e4v\u00e4 aamu wallplate<\/p>\n","protected":false},"featured_media":65306,"comment_status":"closed","ping_status":"closed","template":"","meta":{"_et_pb_use_builder":"","_et_pb_old_content":"","_et_gb_content_width":""},"product_brand":[],"product_cat":[392],"product_tag":[],"class_list":{"0":"post-44338","1":"product","2":"type-product","3":"status-publish","4":"has-post-thumbnail","6":"product_cat-other","7":"product_shipping_class-pieni-en","8":"pa_brand-arabia-en-2","10":"first","11":"instock","12":"sale","13":"taxable","14":"shipping-taxable","15":"purchasable","16":"product-type-simple"},"_links":{"self":[{"href":"https:\/\/muija.fi\/en\/wp-json\/wp\/v2\/product\/44338","targetHints":{"allow":["GET"]}}],"collection":[{"href":"https:\/\/muija.fi\/en\/wp-json\/wp\/v2\/product"}],"about":[{"href":"https:\/\/muija.fi\/en\/wp-json\/wp\/v2\/types\/product"}],"replies":[{"embeddable":true,"href":"https:\/\/muija.fi\/en\/wp-json\/wp\/v2\/comments?post=44338"}],"wp:featuredmedia":[{"embeddable":true,"href":"https:\/\/muija.fi\/en\/wp-json\/wp\/v2\/media\/65306"}],"wp:attachment":[{"href":"https:\/\/muija.fi\/en\/wp-json\/wp\/v2\/media?parent=44338"}],"wp:term":[{"taxonomy":"product_brand","embeddable":true,"href":"https:\/\/muija.fi\/en\/wp-json\/wp\/v2\/product_brand?post=44338"},{"taxonomy":"product_cat","embeddable":true,"href":"https:\/\/muija.fi\/en\/wp-json\/wp\/v2\/product_cat?post=44338"},{"taxonomy":"product_tag","embeddable":true,"href":"https:\/\/muija.fi\/en\/wp-json\/wp\/v2\/product_tag?post=44338"}],"curies":[{"name":"wp","href":"https:\/\/api.w.org\/{rel}","templated":true}]}}