{"id":48892,"date":"2020-08-02T08:06:47","date_gmt":"2020-08-02T05:06:47","guid":{"rendered":"https:\/\/muija.fi\/product\/helja-wall-plate-sweet-fragrancesn25x105cm\/"},"modified":"2021-02-01T12:37:12","modified_gmt":"2021-02-01T09:37:12","slug":"helja-wall-plate-sweet-fragrancesn25x105cm","status":"publish","type":"product","link":"https:\/\/muija.fi\/en\/product\/helja-wall-plate-sweet-fragrancesn25x105cm\/","title":{"rendered":"Helj\u00e4 Wall plate Sweet Fragrances 25&#215;10,5cm"},"content":{"rendered":"<p>Helj\u00e4 Liukko-Sundstr\u00f6m Wall plate Sweet Fragrances 25&#215;10,5cm. Good condition. Made by Arabia.<\/p>\n","protected":false},"excerpt":{"rendered":"<p>Helj\u00e4 Wall plate Sweet Fragrances 25&#215;10,5cm<\/p>\n","protected":false},"featured_media":65303,"comment_status":"closed","ping_status":"closed","template":"","meta":{"_et_pb_use_builder":"","_et_pb_old_content":"","_et_gb_content_width":""},"product_brand":[],"product_cat":[392],"product_tag":[],"class_list":{"0":"post-48892","1":"product","2":"type-product","3":"status-publish","4":"has-post-thumbnail","6":"product_cat-other","7":"product_shipping_class-pieni-en","8":"pa_brand-arabia-en-2","10":"first","11":"outofstock","12":"taxable","13":"shipping-taxable","14":"purchasable","15":"product-type-simple"},"_links":{"self":[{"href":"https:\/\/muija.fi\/en\/wp-json\/wp\/v2\/product\/48892","targetHints":{"allow":["GET"]}}],"collection":[{"href":"https:\/\/muija.fi\/en\/wp-json\/wp\/v2\/product"}],"about":[{"href":"https:\/\/muija.fi\/en\/wp-json\/wp\/v2\/types\/product"}],"replies":[{"embeddable":true,"href":"https:\/\/muija.fi\/en\/wp-json\/wp\/v2\/comments?post=48892"}],"wp:featuredmedia":[{"embeddable":true,"href":"https:\/\/muija.fi\/en\/wp-json\/wp\/v2\/media\/65303"}],"wp:attachment":[{"href":"https:\/\/muija.fi\/en\/wp-json\/wp\/v2\/media?parent=48892"}],"wp:term":[{"taxonomy":"product_brand","embeddable":true,"href":"https:\/\/muija.fi\/en\/wp-json\/wp\/v2\/product_brand?post=48892"},{"taxonomy":"product_cat","embeddable":true,"href":"https:\/\/muija.fi\/en\/wp-json\/wp\/v2\/product_cat?post=48892"},{"taxonomy":"product_tag","embeddable":true,"href":"https:\/\/muija.fi\/en\/wp-json\/wp\/v2\/product_tag?post=48892"}],"curies":[{"name":"wp","href":"https:\/\/api.w.org\/{rel}","templated":true}]}}