{"id":50285,"date":"2020-10-22T10:47:27","date_gmt":"2020-10-22T07:47:27","guid":{"rendered":"https:\/\/muija.fi\/product\/kalevalakoru-aarrekaaty-pendant-big\/"},"modified":"2020-10-22T10:47:27","modified_gmt":"2020-10-22T07:47:27","slug":"kalevalakoru-aarrekaaty-pendant-big","status":"publish","type":"product","link":"https:\/\/muija.fi\/en\/product\/kalevalakoru-aarrekaaty-pendant-big\/","title":{"rendered":"Kalevalakoru Aarrek\u00e4\u00e4ty pendant big"},"content":{"rendered":"<p>Kalevalakoru Aarrek\u00e4\u00e4ty pendant big. Chain 60cm, pendant 4,5&#215;5,5cm. Some patina. Mateial bronze.<\/p>\n","protected":false},"excerpt":{"rendered":"<p>Kalevalakoru Aarrek\u00e4\u00e4ty pendant big<\/p>\n","protected":false},"featured_media":65377,"comment_status":"closed","ping_status":"closed","template":"","meta":{"_et_pb_use_builder":"","_et_pb_old_content":"","_et_gb_content_width":""},"product_brand":[],"product_cat":[314],"product_tag":[],"class_list":{"0":"post-50285","1":"product","2":"type-product","3":"status-publish","4":"has-post-thumbnail","6":"product_cat-jewelry","8":"first","9":"instock","10":"sale","11":"taxable","12":"shipping-taxable","13":"purchasable","14":"product-type-simple"},"_links":{"self":[{"href":"https:\/\/muija.fi\/en\/wp-json\/wp\/v2\/product\/50285","targetHints":{"allow":["GET"]}}],"collection":[{"href":"https:\/\/muija.fi\/en\/wp-json\/wp\/v2\/product"}],"about":[{"href":"https:\/\/muija.fi\/en\/wp-json\/wp\/v2\/types\/product"}],"replies":[{"embeddable":true,"href":"https:\/\/muija.fi\/en\/wp-json\/wp\/v2\/comments?post=50285"}],"wp:featuredmedia":[{"embeddable":true,"href":"https:\/\/muija.fi\/en\/wp-json\/wp\/v2\/media\/65377"}],"wp:attachment":[{"href":"https:\/\/muija.fi\/en\/wp-json\/wp\/v2\/media?parent=50285"}],"wp:term":[{"taxonomy":"product_brand","embeddable":true,"href":"https:\/\/muija.fi\/en\/wp-json\/wp\/v2\/product_brand?post=50285"},{"taxonomy":"product_cat","embeddable":true,"href":"https:\/\/muija.fi\/en\/wp-json\/wp\/v2\/product_cat?post=50285"},{"taxonomy":"product_tag","embeddable":true,"href":"https:\/\/muija.fi\/en\/wp-json\/wp\/v2\/product_tag?post=50285"}],"curies":[{"name":"wp","href":"https:\/\/api.w.org\/{rel}","templated":true}]}}