{"id":50287,"date":"2020-10-22T10:43:28","date_gmt":"2020-10-22T07:43:28","guid":{"rendered":"https:\/\/muija.fi\/product\/kalevalakoru-aarrekaaty-pendant-small\/"},"modified":"2020-10-22T10:43:28","modified_gmt":"2020-10-22T07:43:28","slug":"kalevalakoru-aarrekaaty-pendant-small","status":"publish","type":"product","link":"https:\/\/muija.fi\/en\/product\/kalevalakoru-aarrekaaty-pendant-small\/","title":{"rendered":"Kalevalakoru Aarrek\u00e4\u00e4ty pendant small"},"content":{"rendered":"<p>Kalevalakoru Aarrek\u00e4\u00e4ty pendant small. Material bronze. Good condition. Chain 67cm. Pendant 2,8&#215;3,2cm.<\/p>\n","protected":false},"excerpt":{"rendered":"<p>Kalevalakoru Aarrek\u00e4\u00e4ty pendant small<\/p>\n","protected":false},"featured_media":65350,"comment_status":"closed","ping_status":"closed","template":"","meta":{"_et_pb_use_builder":"","_et_pb_old_content":"","_et_gb_content_width":""},"product_brand":[],"product_cat":[314],"product_tag":[],"class_list":{"0":"post-50287","1":"product","2":"type-product","3":"status-publish","4":"has-post-thumbnail","6":"product_cat-jewelry","8":"first","9":"instock","10":"taxable","11":"shipping-taxable","12":"purchasable","13":"product-type-simple"},"_links":{"self":[{"href":"https:\/\/muija.fi\/en\/wp-json\/wp\/v2\/product\/50287","targetHints":{"allow":["GET"]}}],"collection":[{"href":"https:\/\/muija.fi\/en\/wp-json\/wp\/v2\/product"}],"about":[{"href":"https:\/\/muija.fi\/en\/wp-json\/wp\/v2\/types\/product"}],"replies":[{"embeddable":true,"href":"https:\/\/muija.fi\/en\/wp-json\/wp\/v2\/comments?post=50287"}],"wp:featuredmedia":[{"embeddable":true,"href":"https:\/\/muija.fi\/en\/wp-json\/wp\/v2\/media\/65350"}],"wp:attachment":[{"href":"https:\/\/muija.fi\/en\/wp-json\/wp\/v2\/media?parent=50287"}],"wp:term":[{"taxonomy":"product_brand","embeddable":true,"href":"https:\/\/muija.fi\/en\/wp-json\/wp\/v2\/product_brand?post=50287"},{"taxonomy":"product_cat","embeddable":true,"href":"https:\/\/muija.fi\/en\/wp-json\/wp\/v2\/product_cat?post=50287"},{"taxonomy":"product_tag","embeddable":true,"href":"https:\/\/muija.fi\/en\/wp-json\/wp\/v2\/product_tag?post=50287"}],"curies":[{"name":"wp","href":"https:\/\/api.w.org\/{rel}","templated":true}]}}