{"id":51601,"date":"2020-12-26T09:22:23","date_gmt":"2020-12-26T06:22:23","guid":{"rendered":"https:\/\/muija.fi\/?post_type=product&#038;p=51601"},"modified":"2023-12-05T17:47:57","modified_gmt":"2023-12-05T14:47:57","slug":"arabia-wall-plate-sydanystava-3","status":"publish","type":"product","link":"https:\/\/muija.fi\/en\/product\/arabia-wall-plate-sydanystava-3\/","title":{"rendered":"Arabia wall plate Syd\u00e4nyst\u00e4v\u00e4 3 Fox"},"content":{"rendered":"<p>Arabia wall plate by Sussi Anna \u00c5berg. Was in production 1990&#8217;s. Size 12x12cm.\u00a0 In good condition.<\/p>\n","protected":false},"excerpt":{"rendered":"<p>Arabia wall plate Syd\u00e4nyst\u00e4v\u00e4 3 Fox<\/p>\n","protected":false},"featured_media":97047,"comment_status":"closed","ping_status":"closed","template":"","meta":{"_et_pb_use_builder":"","_et_pb_old_content":"","_et_gb_content_width":""},"product_brand":[],"product_cat":[385,392],"product_tag":[],"class_list":{"0":"post-51601","1":"product","2":"type-product","3":"status-publish","4":"has-post-thumbnail","6":"product_cat-other-dishware","7":"product_cat-other","8":"product_shipping_class-pieni-en","9":"pa_brand-arabia-en-2","11":"first","12":"instock","13":"taxable","14":"shipping-taxable","15":"purchasable","16":"product-type-simple"},"_links":{"self":[{"href":"https:\/\/muija.fi\/en\/wp-json\/wp\/v2\/product\/51601","targetHints":{"allow":["GET"]}}],"collection":[{"href":"https:\/\/muija.fi\/en\/wp-json\/wp\/v2\/product"}],"about":[{"href":"https:\/\/muija.fi\/en\/wp-json\/wp\/v2\/types\/product"}],"replies":[{"embeddable":true,"href":"https:\/\/muija.fi\/en\/wp-json\/wp\/v2\/comments?post=51601"}],"wp:featuredmedia":[{"embeddable":true,"href":"https:\/\/muija.fi\/en\/wp-json\/wp\/v2\/media\/97047"}],"wp:attachment":[{"href":"https:\/\/muija.fi\/en\/wp-json\/wp\/v2\/media?parent=51601"}],"wp:term":[{"taxonomy":"product_brand","embeddable":true,"href":"https:\/\/muija.fi\/en\/wp-json\/wp\/v2\/product_brand?post=51601"},{"taxonomy":"product_cat","embeddable":true,"href":"https:\/\/muija.fi\/en\/wp-json\/wp\/v2\/product_cat?post=51601"},{"taxonomy":"product_tag","embeddable":true,"href":"https:\/\/muija.fi\/en\/wp-json\/wp\/v2\/product_tag?post=51601"}],"curies":[{"name":"wp","href":"https:\/\/api.w.org\/{rel}","templated":true}]}}